{"id":258,"date":"2019-04-30T03:24:16","date_gmt":"2019-04-30T06:24:16","guid":{"rendered":"http:\/\/www.showtur.com.br\/site\/?page_id=258"},"modified":"2024-09-12T12:11:19","modified_gmt":"2024-09-12T15:11:19","slug":"equipe","status":"publish","type":"page","link":"https:\/\/www.showtur.com.br\/site\/equipe\/","title":{"rendered":"Equipe"},"content":{"rendered":"<h2>Nossa Equipe<\/h2>\n<p>Profissionais que ir\u00e3o superar as expectativas!<\/p>\n<p>Continuamente comprometidos com a qualidade e satisfa\u00e7\u00e3o, a jovialidade de nossa equipe vai fazer toda diferen\u00e7a!<\/p>\n<p>Apostamos no treinamento e capacita\u00e7\u00e3o, e comtemplamos profissionais dedicados, qualificados, proativos e motivados!<\/p>\n<p>Todos os roteiros s\u00e3o conduzidos por nossa equipe, contribuindo para um entrosamento que ultrapassa o aspecto profissional, permitindo um maior desenvolvimento dos projetos &nbsp;e atendimento diferenciado aos estudantes.<\/p>\n<p>A Equipe &nbsp;Show Tur \u00e9 um de nossos diferenciais!<\/p>\n\n\n<figure class=\"is-layout-flex wp-block-gallery-1 wp-block-gallery has-nested-images columns-default is-cropped\">\n<figure class=\"wp-block-image size-full\"><img decoding=\"async\" loading=\"lazy\" width=\"1024\" height=\"683\" data-id=\"690\"  src=\"https:\/\/www.showtur.com.br\/site\/wp-content\/uploads\/2024\/09\/30498212676_534574b5ec_k-1024x683-1.jpg\" alt=\"\" class=\"wp-image-690\" srcset=\"https:\/\/www.showtur.com.br\/site\/wp-content\/uploads\/2024\/09\/30498212676_534574b5ec_k-1024x683-1.jpg 1024w, https:\/\/www.showtur.com.br\/site\/wp-content\/uploads\/2024\/09\/30498212676_534574b5ec_k-1024x683-1-300x200.jpg 300w, https:\/\/www.showtur.com.br\/site\/wp-content\/uploads\/2024\/09\/30498212676_534574b5ec_k-1024x683-1-768x512.jpg 768w, https:\/\/www.showtur.com.br\/site\/wp-content\/uploads\/2024\/09\/30498212676_534574b5ec_k-1024x683-1-219x146.jpg 219w, https:\/\/www.showtur.com.br\/site\/wp-content\/uploads\/2024\/09\/30498212676_534574b5ec_k-1024x683-1-50x33.jpg 50w, https:\/\/www.showtur.com.br\/site\/wp-content\/uploads\/2024\/09\/30498212676_534574b5ec_k-1024x683-1-112x75.jpg 112w, https:\/\/www.showtur.com.br\/site\/wp-content\/uploads\/2024\/09\/30498212676_534574b5ec_k-1024x683-1-600x400.jpg 600w\" sizes=\"(max-width: 1024px) 100vw, 1024px\" \/><\/figure>\n\n\n\n<figure class=\"wp-block-image size-full is-style-default\"><img decoding=\"async\" loading=\"lazy\" width=\"900\" height=\"500\" data-id=\"691\"  src=\"https:\/\/www.showtur.com.br\/site\/wp-content\/uploads\/2024\/09\/foto13.jpg\" alt=\"\" class=\"wp-image-691\" srcset=\"https:\/\/www.showtur.com.br\/site\/wp-content\/uploads\/2024\/09\/foto13.jpg 900w, https:\/\/www.showtur.com.br\/site\/wp-content\/uploads\/2024\/09\/foto13-300x167.jpg 300w, https:\/\/www.showtur.com.br\/site\/wp-content\/uploads\/2024\/09\/foto13-768x427.jpg 768w, https:\/\/www.showtur.com.br\/site\/wp-content\/uploads\/2024\/09\/foto13-260x144.jpg 260w, https:\/\/www.showtur.com.br\/site\/wp-content\/uploads\/2024\/09\/foto13-50x28.jpg 50w, https:\/\/www.showtur.com.br\/site\/wp-content\/uploads\/2024\/09\/foto13-135x75.jpg 135w, https:\/\/www.showtur.com.br\/site\/wp-content\/uploads\/2024\/09\/foto13-600x333.jpg 600w\" sizes=\"(max-width: 900px) 100vw, 900px\" \/><\/figure>\n\n\n\n<figure class=\"wp-block-image size-full\"><img decoding=\"async\" loading=\"lazy\" width=\"900\" height=\"500\" data-id=\"694\"  src=\"https:\/\/www.showtur.com.br\/site\/wp-content\/uploads\/2024\/09\/13567423_263603597339588_3970868885095059863_n-1.jpg\" alt=\"\" class=\"wp-image-694\" srcset=\"https:\/\/www.showtur.com.br\/site\/wp-content\/uploads\/2024\/09\/13567423_263603597339588_3970868885095059863_n-1.jpg 900w, https:\/\/www.showtur.com.br\/site\/wp-content\/uploads\/2024\/09\/13567423_263603597339588_3970868885095059863_n-1-300x167.jpg 300w, https:\/\/www.showtur.com.br\/site\/wp-content\/uploads\/2024\/09\/13567423_263603597339588_3970868885095059863_n-1-768x427.jpg 768w, https:\/\/www.showtur.com.br\/site\/wp-content\/uploads\/2024\/09\/13567423_263603597339588_3970868885095059863_n-1-260x144.jpg 260w, https:\/\/www.showtur.com.br\/site\/wp-content\/uploads\/2024\/09\/13567423_263603597339588_3970868885095059863_n-1-50x28.jpg 50w, https:\/\/www.showtur.com.br\/site\/wp-content\/uploads\/2024\/09\/13567423_263603597339588_3970868885095059863_n-1-135x75.jpg 135w, https:\/\/www.showtur.com.br\/site\/wp-content\/uploads\/2024\/09\/13567423_263603597339588_3970868885095059863_n-1-600x333.jpg 600w\" sizes=\"(max-width: 900px) 100vw, 900px\" \/><\/figure>\n\n\n\n<figure class=\"wp-block-image size-full\"><img decoding=\"async\" loading=\"lazy\" width=\"5184\" height=\"2694\" data-id=\"583\"  src=\"https:\/\/www.showtur.com.br\/site\/wp-content\/uploads\/2019\/08\/Slide-5.jpg\" alt=\"\" class=\"wp-image-583\" srcset=\"https:\/\/www.showtur.com.br\/site\/wp-content\/uploads\/2019\/08\/Slide-5.jpg 5184w, https:\/\/www.showtur.com.br\/site\/wp-content\/uploads\/2019\/08\/Slide-5-300x156.jpg 300w, https:\/\/www.showtur.com.br\/site\/wp-content\/uploads\/2019\/08\/Slide-5-768x399.jpg 768w, https:\/\/www.showtur.com.br\/site\/wp-content\/uploads\/2019\/08\/Slide-5-1024x532.jpg 1024w, https:\/\/www.showtur.com.br\/site\/wp-content\/uploads\/2019\/08\/Slide-5-260x135.jpg 260w, https:\/\/www.showtur.com.br\/site\/wp-content\/uploads\/2019\/08\/Slide-5-50x26.jpg 50w, https:\/\/www.showtur.com.br\/site\/wp-content\/uploads\/2019\/08\/Slide-5-144x75.jpg 144w, https:\/\/www.showtur.com.br\/site\/wp-content\/uploads\/2019\/08\/Slide-5-600x312.jpg 600w\" sizes=\"(max-width: 5184px) 100vw, 5184px\" \/><\/figure>\n<\/figure>\n","protected":false},"excerpt":{"rendered":"<p>Nossa Equipe Profissionais que ir\u00e3o superar as expectativas! Continuamente comprometidos com a qualidade e satisfa\u00e7\u00e3o, a jovialidade de nossa equipe vai fazer toda diferen\u00e7a! Apostamos no<span class=\"excerpt-hellip\"> [\u2026]<\/span><\/p>\n","protected":false},"author":1,"featured_media":0,"parent":0,"menu_order":0,"comment_status":"closed","ping_status":"closed","template":"","meta":[],"_links":{"self":[{"href":"https:\/\/www.showtur.com.br\/site\/wp-json\/wp\/v2\/pages\/258"}],"collection":[{"href":"https:\/\/www.showtur.com.br\/site\/wp-json\/wp\/v2\/pages"}],"about":[{"href":"https:\/\/www.showtur.com.br\/site\/wp-json\/wp\/v2\/types\/page"}],"author":[{"embeddable":true,"href":"https:\/\/www.showtur.com.br\/site\/wp-json\/wp\/v2\/users\/1"}],"replies":[{"embeddable":true,"href":"https:\/\/www.showtur.com.br\/site\/wp-json\/wp\/v2\/comments?post=258"}],"version-history":[{"count":8,"href":"https:\/\/www.showtur.com.br\/site\/wp-json\/wp\/v2\/pages\/258\/revisions"}],"predecessor-version":[{"id":697,"href":"https:\/\/www.showtur.com.br\/site\/wp-json\/wp\/v2\/pages\/258\/revisions\/697"}],"wp:attachment":[{"href":"https:\/\/www.showtur.com.br\/site\/wp-json\/wp\/v2\/media?parent=258"}],"curies":[{"name":"wp","href":"https:\/\/api.w.org\/{rel}","templated":true}]}}