{"id":98,"date":"2019-03-12T01:07:42","date_gmt":"2019-03-12T04:07:42","guid":{"rendered":"http:\/\/www.showtur.com.br\/site\/?page_id=98"},"modified":"2019-05-13T08:46:23","modified_gmt":"2019-05-13T11:46:23","slug":"acampamento-nosso-recanto","status":"publish","type":"page","link":"http:\/\/www.showtur.com.br\/site\/acampamento-nosso-recanto\/","title":{"rendered":"Acampamento Nosso Recanto"},"content":{"rendered":"\t\t<div data-elementor-type=\"wp-post\" data-elementor-id=\"98\" class=\"elementor elementor-98\">\n\t\t\t\t\t\t<div class=\"elementor-inner\">\n\t\t\t\t<div class=\"elementor-section-wrap\">\n\t\t\t\t\t\t\t\t\t<section class=\"elementor-section elementor-top-section elementor-element elementor-element-48d88af elementor-section-boxed elementor-section-height-default elementor-section-height-default\" data-id=\"48d88af\" data-element_type=\"section\">\n\t\t\t\t\t\t<div class=\"elementor-container elementor-column-gap-default\">\n\t\t\t\t\t\t\t<div class=\"elementor-row\">\n\t\t\t\t\t<div class=\"elementor-column elementor-col-50 elementor-top-column elementor-element elementor-element-a6aa2f7\" data-id=\"a6aa2f7\" data-element_type=\"column\">\n\t\t\t<div class=\"elementor-column-wrap elementor-element-populated\">\n\t\t\t\t\t\t\t<div class=\"elementor-widget-wrap\">\n\t\t\t\t\t\t<div class=\"elementor-element elementor-element-924acfa elementor-widget elementor-widget-image\" data-id=\"924acfa\" data-element_type=\"widget\" data-widget_type=\"image.default\">\n\t\t\t\t<div class=\"elementor-widget-container\">\n\t\t\t\t\t\t\t\t<div class=\"elementor-image\">\n\t\t\t\t\t\t\t\t\t\t\t\t<img decoding=\"async\" width=\"1024\" height=\"682\" src=\"http:\/\/www.showtur.com.br\/site\/wp-content\/uploads\/2019\/05\/nr1-1024x682.jpg\" class=\"attachment-large size-large wp-image-440\" alt=\"\" loading=\"lazy\" srcset=\"http:\/\/www.showtur.com.br\/site\/wp-content\/uploads\/2019\/05\/nr1.jpg 1024w, http:\/\/www.showtur.com.br\/site\/wp-content\/uploads\/2019\/05\/nr1-300x200.jpg 300w, http:\/\/www.showtur.com.br\/site\/wp-content\/uploads\/2019\/05\/nr1-768x512.jpg 768w, http:\/\/www.showtur.com.br\/site\/wp-content\/uploads\/2019\/05\/nr1-600x400.jpg 600w\" sizes=\"(max-width: 1024px) 100vw, 1024px\" \/>\t\t\t\t\t\t\t\t\t\t\t\t\t\t<\/div>\n\t\t\t\t\t\t<\/div>\n\t\t\t\t<\/div>\n\t\t\t\t\t\t<\/div>\n\t\t\t\t\t<\/div>\n\t\t<\/div>\n\t\t\t\t<div class=\"elementor-column elementor-col-50 elementor-top-column elementor-element elementor-element-361d1aa\" data-id=\"361d1aa\" data-element_type=\"column\">\n\t\t\t<div class=\"elementor-column-wrap elementor-element-populated\">\n\t\t\t\t\t\t\t<div class=\"elementor-widget-wrap\">\n\t\t\t\t\t\t<div class=\"elementor-element elementor-element-b9d2028 elementor-widget elementor-widget-text-editor\" data-id=\"b9d2028\" data-element_type=\"widget\" data-widget_type=\"text-editor.default\">\n\t\t\t\t<div class=\"elementor-widget-container\">\n\t\t\t\t\t\t\t\t<div class=\"elementor-text-editor elementor-clearfix\">\n\t\t\t\t<p>O NR Acampamentos atua na \u00e1rea educacional e de lazer, contribuindo para o desenvolvimento e forma\u00e7\u00e3o de milhares de crian\u00e7as e jovens desde 1953.<\/p><p>S\u00e3o mais de 40.000 acampantes que frequentam suas duas unidades a cada ano, divertindo-se, fazendo novas amizades e aprendendo a respeitar o meio em que vivem.<\/p><p>Acampar \u00e9 um convite \u00e0 participa\u00e7\u00e3o e \u00e0 conviv\u00eancia harmoniosa entre as pessoas, em contato com a natureza. Uma proposta educativa do NR que contribui para o desenvolvimento integral do indiv\u00edduo. Esta proposta se consolida por meio de pr\u00e1ticas esportivas, recreativas, culturais e atividades dirigidas variadas. Tamb\u00e9m \u00e9 um convite \u00e0 aventura, cujos maiores desafios s\u00e3o estimular a adapta\u00e7\u00e3o social, a integra\u00e7\u00e3o, liberdade e autonomia, com especial aten\u00e7\u00e3o para a seguran\u00e7a.<\/p><p>Ambas as unidades est\u00e3o localizadas na Serra da Mantiqueira em Sapuca\u00ed Mirim, sul de Minas Gerais, pr\u00f3ximo a Campos do Jord\u00e3o (SP).<\/p>\t\t\t\t\t<\/div>\n\t\t\t\t\t\t<\/div>\n\t\t\t\t<\/div>\n\t\t\t\t\t\t<\/div>\n\t\t\t\t\t<\/div>\n\t\t<\/div>\n\t\t\t\t\t\t\t\t<\/div>\n\t\t\t\t\t<\/div>\n\t\t<\/section>\n\t\t\t\t<section class=\"elementor-section elementor-top-section elementor-element elementor-element-29eec27 elementor-section-boxed elementor-section-height-default elementor-section-height-default\" data-id=\"29eec27\" data-element_type=\"section\">\n\t\t\t\t\t\t<div class=\"elementor-container elementor-column-gap-default\">\n\t\t\t\t\t\t\t<div class=\"elementor-row\">\n\t\t\t\t\t<div class=\"elementor-column elementor-col-50 elementor-top-column elementor-element elementor-element-8592d93\" data-id=\"8592d93\" data-element_type=\"column\">\n\t\t\t<div class=\"elementor-column-wrap elementor-element-populated\">\n\t\t\t\t\t\t\t<div class=\"elementor-widget-wrap\">\n\t\t\t\t\t\t<div class=\"elementor-element elementor-element-77cef19 elementor-widget elementor-widget-image\" data-id=\"77cef19\" data-element_type=\"widget\" data-widget_type=\"image.default\">\n\t\t\t\t<div class=\"elementor-widget-container\">\n\t\t\t\t\t\t\t\t<div class=\"elementor-image\">\n\t\t\t\t\t\t\t\t\t\t\t\t<img decoding=\"async\" width=\"518\" height=\"321\" src=\"http:\/\/www.showtur.com.br\/site\/wp-content\/uploads\/2019\/04\/NR1.jpg\" class=\"attachment-large size-large wp-image-277\" alt=\"\" loading=\"lazy\" srcset=\"http:\/\/www.showtur.com.br\/site\/wp-content\/uploads\/2019\/04\/NR1.jpg 518w, http:\/\/www.showtur.com.br\/site\/wp-content\/uploads\/2019\/04\/NR1-300x186.jpg 300w\" sizes=\"(max-width: 518px) 100vw, 518px\" \/>\t\t\t\t\t\t\t\t\t\t\t\t\t\t<\/div>\n\t\t\t\t\t\t<\/div>\n\t\t\t\t<\/div>\n\t\t\t\t<div class=\"elementor-element elementor-element-9e6f098 elementor-align-center elementor-widget elementor-widget-button\" data-id=\"9e6f098\" data-element_type=\"widget\" data-widget_type=\"button.default\">\n\t\t\t\t<div class=\"elementor-widget-container\">\n\t\t\t\t\t<div class=\"elementor-button-wrapper\">\n\t\t\t<a href=\"http:\/\/www.showtur.com.br\/site\/nr-1\/\" class=\"elementor-button-link elementor-button elementor-size-sm\" role=\"button\">\n\t\t\t\t\t\t<span class=\"elementor-button-content-wrapper\">\n\t\t\t\t\t\t<span class=\"elementor-button-text\">Clique aqui<\/span>\n\t\t<\/span>\n\t\t\t\t\t<\/a>\n\t\t<\/div>\n\t\t\t\t<\/div>\n\t\t\t\t<\/div>\n\t\t\t\t\t\t<\/div>\n\t\t\t\t\t<\/div>\n\t\t<\/div>\n\t\t\t\t<div class=\"elementor-column elementor-col-50 elementor-top-column elementor-element elementor-element-94d2cc3\" data-id=\"94d2cc3\" data-element_type=\"column\">\n\t\t\t<div class=\"elementor-column-wrap elementor-element-populated\">\n\t\t\t\t\t\t\t<div class=\"elementor-widget-wrap\">\n\t\t\t\t\t\t<div class=\"elementor-element elementor-element-6e0165c elementor-widget elementor-widget-image\" data-id=\"6e0165c\" data-element_type=\"widget\" data-widget_type=\"image.default\">\n\t\t\t\t<div class=\"elementor-widget-container\">\n\t\t\t\t\t\t\t\t<div class=\"elementor-image\">\n\t\t\t\t\t\t\t\t\t\t\t\t<img decoding=\"async\" width=\"518\" height=\"321\" src=\"http:\/\/www.showtur.com.br\/site\/wp-content\/uploads\/2019\/04\/NR2.jpg\" class=\"attachment-large size-large wp-image-278\" alt=\"\" loading=\"lazy\" srcset=\"http:\/\/www.showtur.com.br\/site\/wp-content\/uploads\/2019\/04\/NR2.jpg 518w, http:\/\/www.showtur.com.br\/site\/wp-content\/uploads\/2019\/04\/NR2-300x186.jpg 300w\" sizes=\"(max-width: 518px) 100vw, 518px\" \/>\t\t\t\t\t\t\t\t\t\t\t\t\t\t<\/div>\n\t\t\t\t\t\t<\/div>\n\t\t\t\t<\/div>\n\t\t\t\t<div class=\"elementor-element elementor-element-c85d03c elementor-align-center elementor-widget elementor-widget-button\" data-id=\"c85d03c\" data-element_type=\"widget\" data-widget_type=\"button.default\">\n\t\t\t\t<div class=\"elementor-widget-container\">\n\t\t\t\t\t<div class=\"elementor-button-wrapper\">\n\t\t\t<a href=\"http:\/\/www.showtur.com.br\/site\/nr-2\/\" class=\"elementor-button-link elementor-button elementor-size-sm\" role=\"button\">\n\t\t\t\t\t\t<span class=\"elementor-button-content-wrapper\">\n\t\t\t\t\t\t<span class=\"elementor-button-text\">Clique aqui<\/span>\n\t\t<\/span>\n\t\t\t\t\t<\/a>\n\t\t<\/div>\n\t\t\t\t<\/div>\n\t\t\t\t<\/div>\n\t\t\t\t\t\t<\/div>\n\t\t\t\t\t<\/div>\n\t\t<\/div>\n\t\t\t\t\t\t\t\t<\/div>\n\t\t\t\t\t<\/div>\n\t\t<\/section>\n\t\t\t\t<section class=\"elementor-section elementor-top-section elementor-element elementor-element-7e10cc6 elementor-section-boxed elementor-section-height-default elementor-section-height-default\" data-id=\"7e10cc6\" data-element_type=\"section\">\n\t\t\t\t\t\t<div class=\"elementor-container elementor-column-gap-default\">\n\t\t\t\t\t\t\t<div class=\"elementor-row\">\n\t\t\t\t\t<div class=\"elementor-column elementor-col-100 elementor-top-column elementor-element elementor-element-27f1ad0\" data-id=\"27f1ad0\" data-element_type=\"column\">\n\t\t\t<div class=\"elementor-column-wrap elementor-element-populated\">\n\t\t\t\t\t\t\t<div class=\"elementor-widget-wrap\">\n\t\t\t\t\t\t<div class=\"elementor-element elementor-element-91ae599 elementor-aspect-ratio-169 elementor-widget elementor-widget-video\" data-id=\"91ae599\" data-element_type=\"widget\" data-settings=\"{&quot;youtube_url&quot;:&quot;https:\\\/\\\/www.youtube.com\\\/watch?v=QXmZ6sO3OlA&quot;,&quot;video_type&quot;:&quot;youtube&quot;,&quot;controls&quot;:&quot;yes&quot;,&quot;aspect_ratio&quot;:&quot;169&quot;}\" data-widget_type=\"video.default\">\n\t\t\t\t<div class=\"elementor-widget-container\">\n\t\t\t\t\t<div class=\"elementor-wrapper elementor-fit-aspect-ratio elementor-open-inline\">\n\t\t\t<div class=\"elementor-video\"><\/div>\t\t<\/div>\n\t\t\t\t<\/div>\n\t\t\t\t<\/div>\n\t\t\t\t\t\t<\/div>\n\t\t\t\t\t<\/div>\n\t\t<\/div>\n\t\t\t\t\t\t\t\t<\/div>\n\t\t\t\t\t<\/div>\n\t\t<\/section>\n\t\t\t\t\t\t\t\t\t<\/div>\n\t\t\t<\/div>\n\t\t\t\t\t<\/div>\n\t\t","protected":false},"excerpt":{"rendered":"<p>O NR Acampamentos atua na \u00e1rea educacional e de lazer, contribuindo para o desenvolvimento e forma\u00e7\u00e3o de milhares de crian\u00e7as e jovens desde 1953. S\u00e3o mais<span class=\"excerpt-hellip\"> [\u2026]<\/span><\/p>\n","protected":false},"author":1,"featured_media":0,"parent":0,"menu_order":0,"comment_status":"closed","ping_status":"closed","template":"","meta":[],"_links":{"self":[{"href":"http:\/\/www.showtur.com.br\/site\/wp-json\/wp\/v2\/pages\/98"}],"collection":[{"href":"http:\/\/www.showtur.com.br\/site\/wp-json\/wp\/v2\/pages"}],"about":[{"href":"http:\/\/www.showtur.com.br\/site\/wp-json\/wp\/v2\/types\/page"}],"author":[{"embeddable":true,"href":"http:\/\/www.showtur.com.br\/site\/wp-json\/wp\/v2\/users\/1"}],"replies":[{"embeddable":true,"href":"http:\/\/www.showtur.com.br\/site\/wp-json\/wp\/v2\/comments?post=98"}],"version-history":[{"count":8,"href":"http:\/\/www.showtur.com.br\/site\/wp-json\/wp\/v2\/pages\/98\/revisions"}],"predecessor-version":[{"id":442,"href":"http:\/\/www.showtur.com.br\/site\/wp-json\/wp\/v2\/pages\/98\/revisions\/442"}],"wp:attachment":[{"href":"http:\/\/www.showtur.com.br\/site\/wp-json\/wp\/v2\/media?parent=98"}],"curies":[{"name":"wp","href":"https:\/\/api.w.org\/{rel}","templated":true}]}}