{"id":77,"date":"2019-03-11T23:08:30","date_gmt":"2019-03-12T02:08:30","guid":{"rendered":"http:\/\/www.showtur.com.br\/site\/?page_id=77"},"modified":"2019-08-16T18:04:09","modified_gmt":"2019-08-16T21:04:09","slug":"acampamento-carrocao","status":"publish","type":"page","link":"http:\/\/www.showtur.com.br\/site\/acampamento-carrocao\/","title":{"rendered":"Acampamento Carro\u00e7\u00e3o"},"content":{"rendered":"\t\t<div data-elementor-type=\"wp-post\" data-elementor-id=\"77\" class=\"elementor elementor-77\">\n\t\t\t\t\t\t<div class=\"elementor-inner\">\n\t\t\t\t<div class=\"elementor-section-wrap\">\n\t\t\t\t\t\t\t\t\t<section class=\"elementor-section elementor-top-section elementor-element elementor-element-1270486 elementor-section-boxed elementor-section-height-default elementor-section-height-default\" data-id=\"1270486\" data-element_type=\"section\">\n\t\t\t\t\t\t<div class=\"elementor-container elementor-column-gap-default\">\n\t\t\t\t\t\t\t<div class=\"elementor-row\">\n\t\t\t\t\t<div class=\"elementor-column elementor-col-50 elementor-top-column elementor-element elementor-element-3e5f7fa\" data-id=\"3e5f7fa\" data-element_type=\"column\">\n\t\t\t<div class=\"elementor-column-wrap elementor-element-populated\">\n\t\t\t\t\t\t\t<div class=\"elementor-widget-wrap\">\n\t\t\t\t\t\t<div class=\"elementor-element elementor-element-1f91b48 elementor-widget elementor-widget-image\" data-id=\"1f91b48\" data-element_type=\"widget\" data-widget_type=\"image.default\">\n\t\t\t\t<div class=\"elementor-widget-container\">\n\t\t\t\t\t\t\t\t<div class=\"elementor-image\">\n\t\t\t\t\t\t\t\t\t\t\t\t<img decoding=\"async\" width=\"1024\" height=\"683\" src=\"http:\/\/www.showtur.com.br\/site\/wp-content\/uploads\/2019\/03\/carrocao09-1024x683.jpg\" class=\"attachment-large size-large wp-image-92\" alt=\"\" loading=\"lazy\" srcset=\"http:\/\/www.showtur.com.br\/site\/wp-content\/uploads\/2019\/03\/carrocao09-1024x683.jpg 1024w, http:\/\/www.showtur.com.br\/site\/wp-content\/uploads\/2019\/03\/carrocao09-300x200.jpg 300w, http:\/\/www.showtur.com.br\/site\/wp-content\/uploads\/2019\/03\/carrocao09-768x512.jpg 768w, http:\/\/www.showtur.com.br\/site\/wp-content\/uploads\/2019\/03\/carrocao09-600x400.jpg 600w, http:\/\/www.showtur.com.br\/site\/wp-content\/uploads\/2019\/03\/carrocao09.jpg 1200w\" sizes=\"(max-width: 1024px) 100vw, 1024px\" \/>\t\t\t\t\t\t\t\t\t\t\t\t\t\t<\/div>\n\t\t\t\t\t\t<\/div>\n\t\t\t\t<\/div>\n\t\t\t\t\t\t<\/div>\n\t\t\t\t\t<\/div>\n\t\t<\/div>\n\t\t\t\t<div class=\"elementor-column elementor-col-50 elementor-top-column elementor-element elementor-element-3604bde\" data-id=\"3604bde\" data-element_type=\"column\">\n\t\t\t<div class=\"elementor-column-wrap elementor-element-populated\">\n\t\t\t\t\t\t\t<div class=\"elementor-widget-wrap\">\n\t\t\t\t\t\t<div class=\"elementor-element elementor-element-cadc5b2 elementor-widget elementor-widget-text-editor\" data-id=\"cadc5b2\" data-element_type=\"widget\" data-widget_type=\"text-editor.default\">\n\t\t\t\t<div class=\"elementor-widget-container\">\n\t\t\t\t\t\t\t\t<div class=\"elementor-text-editor elementor-clearfix\">\n\t\t\t\t<p class=\"MsoNormal\" style=\"margin-bottom: 10.0pt; line-height: 115%; mso-pagination: none; mso-layout-grid-align: none; text-autospace: none;\"><span lang=\"pt\" style=\"font-size: 14.0pt; line-height: 115%; font-family: 'Arial',sans-serif; mso-ansi-language: #0016;\">Estudo do meio: Uma viagem inesquec\u00edvel<\/span><\/p><p class=\"MsoNormal\" style=\"margin-bottom: 10.0pt; line-height: 115%; mso-pagination: none; mso-layout-grid-align: none; text-autospace: none;\"><b style=\"font-style: inherit; font-variant-ligatures: inherit; font-variant-caps: inherit;\"><span lang=\"pt\" style=\"font-size: 12.0pt; line-height: 115%; font-family: 'Arial',sans-serif; mso-ansi-language: #0016;\">Uma viagem atrav\u00e9s do conhecimento<\/span><\/b><\/p><p class=\"MsoNormal\" style=\"margin-bottom: 10.0pt; line-height: 115%; mso-pagination: none; mso-layout-grid-align: none; text-autospace: none;\"><span style=\"font-family: Arial, sans-serif; font-size: 12pt;\">O S\u00edtio do Carro\u00e7\u00e3o \u00e9 conhecido por ser o \u00fanico resort pedag\u00f3gico do Brasil. Inspirado em Mark Twain, J\u00falio Verne, Monteiro Lobato, Lewis Carroll, Spilberg e outros, o S\u00edtio do Carro\u00e7\u00e3o criou e produziu com base nos Par\u00e2metros Curriculares Nacionais (PCN), lazer e entretenimento educativo de qualidade surpreendente. Os in\u00fameros roteiros pedag\u00f3gicos oferecidos pelo S\u00edtio do Carro\u00e7\u00e3o abrangem as mais diversas \u00e1reas de conhecimento humano. Assim, imersos em um clima de aventura e descoberta, os alunos estar\u00e3o prontos para assimilar informa\u00e7\u00f5es e sedimentar conhecimentos que n\u00e3o ser\u00e3o apenas memorizados, mas que se tornar\u00e3o simplemente inesquec\u00edveis.<\/span><\/p>\t\t\t\t\t<\/div>\n\t\t\t\t\t\t<\/div>\n\t\t\t\t<\/div>\n\t\t\t\t\t\t<\/div>\n\t\t\t\t\t<\/div>\n\t\t<\/div>\n\t\t\t\t\t\t\t\t<\/div>\n\t\t\t\t\t<\/div>\n\t\t<\/section>\n\t\t\t\t<section class=\"elementor-section elementor-top-section elementor-element elementor-element-a4bf2cd elementor-section-boxed elementor-section-height-default elementor-section-height-default\" data-id=\"a4bf2cd\" data-element_type=\"section\">\n\t\t\t\t\t\t<div class=\"elementor-container elementor-column-gap-default\">\n\t\t\t\t\t\t\t<div class=\"elementor-row\">\n\t\t\t\t\t<div class=\"elementor-column elementor-col-50 elementor-top-column elementor-element elementor-element-379fead\" data-id=\"379fead\" data-element_type=\"column\">\n\t\t\t<div class=\"elementor-column-wrap elementor-element-populated\">\n\t\t\t\t\t\t\t<div class=\"elementor-widget-wrap\">\n\t\t\t\t\t\t<div class=\"elementor-element elementor-element-813fd2d elementor-widget elementor-widget-text-editor\" data-id=\"813fd2d\" data-element_type=\"widget\" data-widget_type=\"text-editor.default\">\n\t\t\t\t<div class=\"elementor-widget-container\">\n\t\t\t\t\t\t\t\t<div class=\"elementor-text-editor elementor-clearfix\">\n\t\t\t\t<p class=\"MsoNormal\" style=\"margin-bottom: 10.0pt; line-height: 115%; mso-pagination: none; mso-layout-grid-align: none; text-autospace: none;\"><b style=\"letter-spacing: 0px;\"><span lang=\"pt\" style=\"font-size: 14.0pt; line-height: 115%; font-family: 'Arial',sans-serif; mso-ansi-language: #0016;\">Projetos pedag\u00f3gicos<\/span><\/b><\/p><p class=\"MsoNormal\" style=\"margin-bottom: 10.0pt; line-height: 115%; mso-pagination: none; mso-layout-grid-align: none; text-autospace: none;\"><b><span lang=\"pt\" style=\"font-size: 12.0pt; line-height: 115%; font-family: 'Arial',sans-serif; mso-ansi-language: #0016;\">O Enigma da Pedra<\/span><\/b><\/p><p class=\"MsoNormal\" style=\"margin-bottom: 10.0pt; line-height: 115%; mso-pagination: none; mso-layout-grid-align: none; text-autospace: none;\"><span style=\"font-family: Arial, sans-serif; font-size: 12pt;\">Fascinado com a beleza da caverna do Lago Azul e curioso com sua fauna e suas forma\u00e7\u00f5es rochosas, o grupo vivencia experi\u00eancias de verdadeiros espele\u00f3logos! Ap\u00f3s decifrarem o Enigma da Pedra, todos veem a parede se abrir como por encanto. Diante de seus olhos incr\u00e9dulos surgem as lagoas de \u00e1gua aquecida, tobog\u00e3 e cachoeiras, onde todos os alunos se divertem aprendendo que, ao longo dos s\u00e9culos, estalactites e estalagmites foram se formando lentamente, enquanto \u00e1gua armazenada nas regi\u00f5es subterr\u00e2neas foi criando aqu\u00edferos. Explorando o interior da caverna, guardar\u00e3o para sempre lembran\u00e7as inesquec\u00edveis desses momentos.<\/span><\/p><p class=\"MsoNormal\" style=\"margin-bottom: 10.0pt; line-height: 115%; mso-pagination: none; mso-layout-grid-align: none; text-autospace: none;\"><b><span lang=\"pt\" style=\"font-size: 12.0pt; line-height: 115%; font-family: 'Arial',sans-serif; mso-ansi-language: #0016;\">O Elo Perdido<\/span><\/b><\/p><p class=\"MsoNormal\" style=\"margin-bottom: 10.0pt; line-height: 115%; mso-pagination: none; mso-layout-grid-align: none; text-autospace: none;\"><span style=\"font-family: Arial, sans-serif; font-size: 12pt;\">Conta a lenda que uma antiga expedi\u00e7\u00e3o de paleont\u00f3logos passou por aqui em meio a uma tempestade magn\u00e9tica. Ao ouvir ru\u00eddos estranhos, avistaram dinossauros! Para marcar o local dessa incr\u00edvel descoberta, fizeram um pouso for\u00e7ado. Caminhando pela mata, o grupo descobre o avi\u00e3o com o mapa do s\u00edtio paleontol\u00f3gico. Munidos de b\u00fassula, chegam ao local e encontram muitos f\u00f3sseis. Logo adiante se deparam com um enorme Tiranossauro Rex!<\/span><\/p>\t\t\t\t\t<\/div>\n\t\t\t\t\t\t<\/div>\n\t\t\t\t<\/div>\n\t\t\t\t\t\t<\/div>\n\t\t\t\t\t<\/div>\n\t\t<\/div>\n\t\t\t\t<div class=\"elementor-column elementor-col-50 elementor-top-column elementor-element elementor-element-fd162c3\" data-id=\"fd162c3\" data-element_type=\"column\">\n\t\t\t<div class=\"elementor-column-wrap elementor-element-populated\">\n\t\t\t\t\t\t\t<div class=\"elementor-widget-wrap\">\n\t\t\t\t\t\t<div class=\"elementor-element elementor-element-8fdbe5e elementor-widget elementor-widget-image\" data-id=\"8fdbe5e\" data-element_type=\"widget\" data-widget_type=\"image.default\">\n\t\t\t\t<div class=\"elementor-widget-container\">\n\t\t\t\t\t\t\t\t<div class=\"elementor-image\">\n\t\t\t\t\t\t\t\t\t\t\t\t<img decoding=\"async\" width=\"1024\" height=\"683\" src=\"http:\/\/www.showtur.com.br\/site\/wp-content\/uploads\/2019\/03\/carrocao04-1024x683.jpg\" class=\"attachment-large size-large wp-image-87\" alt=\"\" loading=\"lazy\" srcset=\"http:\/\/www.showtur.com.br\/site\/wp-content\/uploads\/2019\/03\/carrocao04-1024x683.jpg 1024w, http:\/\/www.showtur.com.br\/site\/wp-content\/uploads\/2019\/03\/carrocao04-300x200.jpg 300w, http:\/\/www.showtur.com.br\/site\/wp-content\/uploads\/2019\/03\/carrocao04-768x512.jpg 768w, http:\/\/www.showtur.com.br\/site\/wp-content\/uploads\/2019\/03\/carrocao04-600x400.jpg 600w, http:\/\/www.showtur.com.br\/site\/wp-content\/uploads\/2019\/03\/carrocao04.jpg 1200w\" sizes=\"(max-width: 1024px) 100vw, 1024px\" \/>\t\t\t\t\t\t\t\t\t\t\t\t\t\t<\/div>\n\t\t\t\t\t\t<\/div>\n\t\t\t\t<\/div>\n\t\t\t\t\t\t<\/div>\n\t\t\t\t\t<\/div>\n\t\t<\/div>\n\t\t\t\t\t\t\t\t<\/div>\n\t\t\t\t\t<\/div>\n\t\t<\/section>\n\t\t\t\t<section class=\"elementor-section elementor-top-section elementor-element elementor-element-d94efe9 elementor-section-boxed elementor-section-height-default elementor-section-height-default\" data-id=\"d94efe9\" data-element_type=\"section\">\n\t\t\t\t\t\t<div class=\"elementor-container elementor-column-gap-default\">\n\t\t\t\t\t\t\t<div class=\"elementor-row\">\n\t\t\t\t\t<div class=\"elementor-column elementor-col-33 elementor-top-column elementor-element elementor-element-f4efe8d\" data-id=\"f4efe8d\" data-element_type=\"column\">\n\t\t\t<div class=\"elementor-column-wrap elementor-element-populated\">\n\t\t\t\t\t\t\t<div class=\"elementor-widget-wrap\">\n\t\t\t\t\t\t<div class=\"elementor-element elementor-element-03ddff2 elementor-widget elementor-widget-image\" data-id=\"03ddff2\" data-element_type=\"widget\" data-widget_type=\"image.default\">\n\t\t\t\t<div class=\"elementor-widget-container\">\n\t\t\t\t\t\t\t\t<div class=\"elementor-image\">\n\t\t\t\t\t\t\t\t\t\t\t\t<img decoding=\"async\" width=\"800\" height=\"500\" src=\"http:\/\/www.showtur.com.br\/site\/wp-content\/uploads\/2019\/04\/08-Jogos-Pedag\u00f3gicos1-Labirinto.jpg\" class=\"attachment-large size-large wp-image-293\" alt=\"\" loading=\"lazy\" srcset=\"http:\/\/www.showtur.com.br\/site\/wp-content\/uploads\/2019\/04\/08-Jogos-Pedag\u00f3gicos1-Labirinto.jpg 800w, http:\/\/www.showtur.com.br\/site\/wp-content\/uploads\/2019\/04\/08-Jogos-Pedag\u00f3gicos1-Labirinto-300x188.jpg 300w, http:\/\/www.showtur.com.br\/site\/wp-content\/uploads\/2019\/04\/08-Jogos-Pedag\u00f3gicos1-Labirinto-768x480.jpg 768w, http:\/\/www.showtur.com.br\/site\/wp-content\/uploads\/2019\/04\/08-Jogos-Pedag\u00f3gicos1-Labirinto-600x375.jpg 600w\" sizes=\"(max-width: 800px) 100vw, 800px\" \/>\t\t\t\t\t\t\t\t\t\t\t\t\t\t<\/div>\n\t\t\t\t\t\t<\/div>\n\t\t\t\t<\/div>\n\t\t\t\t\t\t<\/div>\n\t\t\t\t\t<\/div>\n\t\t<\/div>\n\t\t\t\t<div class=\"elementor-column elementor-col-33 elementor-top-column elementor-element elementor-element-dad50f5\" data-id=\"dad50f5\" data-element_type=\"column\">\n\t\t\t<div class=\"elementor-column-wrap elementor-element-populated\">\n\t\t\t\t\t\t\t<div class=\"elementor-widget-wrap\">\n\t\t\t\t\t\t<div class=\"elementor-element elementor-element-f08a0bc elementor-widget elementor-widget-image\" data-id=\"f08a0bc\" data-element_type=\"widget\" data-widget_type=\"image.default\">\n\t\t\t\t<div class=\"elementor-widget-container\">\n\t\t\t\t\t\t\t\t<div class=\"elementor-image\">\n\t\t\t\t\t\t\t\t\t\t\t\t<img decoding=\"async\" width=\"800\" height=\"500\" src=\"http:\/\/www.showtur.com.br\/site\/wp-content\/uploads\/2019\/04\/10-Baby-Zoo2.jpg\" class=\"attachment-large size-large wp-image-294\" alt=\"\" loading=\"lazy\" srcset=\"http:\/\/www.showtur.com.br\/site\/wp-content\/uploads\/2019\/04\/10-Baby-Zoo2.jpg 800w, http:\/\/www.showtur.com.br\/site\/wp-content\/uploads\/2019\/04\/10-Baby-Zoo2-300x188.jpg 300w, http:\/\/www.showtur.com.br\/site\/wp-content\/uploads\/2019\/04\/10-Baby-Zoo2-768x480.jpg 768w, http:\/\/www.showtur.com.br\/site\/wp-content\/uploads\/2019\/04\/10-Baby-Zoo2-600x375.jpg 600w\" sizes=\"(max-width: 800px) 100vw, 800px\" \/>\t\t\t\t\t\t\t\t\t\t\t\t\t\t<\/div>\n\t\t\t\t\t\t<\/div>\n\t\t\t\t<\/div>\n\t\t\t\t\t\t<\/div>\n\t\t\t\t\t<\/div>\n\t\t<\/div>\n\t\t\t\t<div class=\"elementor-column elementor-col-33 elementor-top-column elementor-element elementor-element-4805ecc\" data-id=\"4805ecc\" data-element_type=\"column\">\n\t\t\t<div class=\"elementor-column-wrap elementor-element-populated\">\n\t\t\t\t\t\t\t<div class=\"elementor-widget-wrap\">\n\t\t\t\t\t\t<div class=\"elementor-element elementor-element-991414b elementor-widget elementor-widget-image\" data-id=\"991414b\" data-element_type=\"widget\" data-widget_type=\"image.default\">\n\t\t\t\t<div class=\"elementor-widget-container\">\n\t\t\t\t\t\t\t\t<div class=\"elementor-image\">\n\t\t\t\t\t\t\t\t\t\t\t\t<img decoding=\"async\" width=\"800\" height=\"500\" src=\"http:\/\/www.showtur.com.br\/site\/wp-content\/uploads\/2019\/04\/11-Bio-Planeta1Aqu\u00e1rio-de-Jacar\u00e9s25682.jpg\" class=\"attachment-large size-large wp-image-295\" alt=\"\" loading=\"lazy\" srcset=\"http:\/\/www.showtur.com.br\/site\/wp-content\/uploads\/2019\/04\/11-Bio-Planeta1Aqu\u00e1rio-de-Jacar\u00e9s25682.jpg 800w, http:\/\/www.showtur.com.br\/site\/wp-content\/uploads\/2019\/04\/11-Bio-Planeta1Aqu\u00e1rio-de-Jacar\u00e9s25682-300x188.jpg 300w, http:\/\/www.showtur.com.br\/site\/wp-content\/uploads\/2019\/04\/11-Bio-Planeta1Aqu\u00e1rio-de-Jacar\u00e9s25682-768x480.jpg 768w, http:\/\/www.showtur.com.br\/site\/wp-content\/uploads\/2019\/04\/11-Bio-Planeta1Aqu\u00e1rio-de-Jacar\u00e9s25682-600x375.jpg 600w\" sizes=\"(max-width: 800px) 100vw, 800px\" \/>\t\t\t\t\t\t\t\t\t\t\t\t\t\t<\/div>\n\t\t\t\t\t\t<\/div>\n\t\t\t\t<\/div>\n\t\t\t\t\t\t<\/div>\n\t\t\t\t\t<\/div>\n\t\t<\/div>\n\t\t\t\t\t\t\t\t<\/div>\n\t\t\t\t\t<\/div>\n\t\t<\/section>\n\t\t\t\t<section class=\"elementor-section elementor-top-section elementor-element elementor-element-eab3eb8 elementor-section-boxed elementor-section-height-default elementor-section-height-default\" data-id=\"eab3eb8\" data-element_type=\"section\">\n\t\t\t\t\t\t<div class=\"elementor-container elementor-column-gap-default\">\n\t\t\t\t\t\t\t<div class=\"elementor-row\">\n\t\t\t\t\t<div class=\"elementor-column elementor-col-100 elementor-top-column elementor-element elementor-element-8cc35e2\" data-id=\"8cc35e2\" data-element_type=\"column\">\n\t\t\t<div class=\"elementor-column-wrap elementor-element-populated\">\n\t\t\t\t\t\t\t<div class=\"elementor-widget-wrap\">\n\t\t\t\t\t\t<div class=\"elementor-element elementor-element-c1c8a74 elementor-align-center elementor-widget elementor-widget-button\" data-id=\"c1c8a74\" data-element_type=\"widget\" data-widget_type=\"button.default\">\n\t\t\t\t<div class=\"elementor-widget-container\">\n\t\t\t\t\t<div class=\"elementor-button-wrapper\">\n\t\t\t<a href=\"http:\/\/www.showtur.com.br\/site\/sitio-do-carrocao-projetos-pedagogicos\/\" class=\"elementor-button-link elementor-button elementor-size-sm\" role=\"button\">\n\t\t\t\t\t\t<span class=\"elementor-button-content-wrapper\">\n\t\t\t\t\t\t<span class=\"elementor-button-text\">Conhe\u00e7a mais sobre o S\u00edtio do Carro\u00e7\u00e3o<\/span>\n\t\t<\/span>\n\t\t\t\t\t<\/a>\n\t\t<\/div>\n\t\t\t\t<\/div>\n\t\t\t\t<\/div>\n\t\t\t\t\t\t<\/div>\n\t\t\t\t\t<\/div>\n\t\t<\/div>\n\t\t\t\t\t\t\t\t<\/div>\n\t\t\t\t\t<\/div>\n\t\t<\/section>\n\t\t\t\t\t\t\t\t\t<\/div>\n\t\t\t<\/div>\n\t\t\t\t\t<\/div>\n\t\t","protected":false},"excerpt":{"rendered":"<p>Estudo do meio: Uma viagem inesquec\u00edvel Uma viagem atrav\u00e9s do conhecimento O S\u00edtio do Carro\u00e7\u00e3o \u00e9 conhecido por ser o \u00fanico resort pedag\u00f3gico do Brasil. Inspirado<span class=\"excerpt-hellip\"> [\u2026]<\/span><\/p>\n","protected":false},"author":1,"featured_media":0,"parent":0,"menu_order":0,"comment_status":"closed","ping_status":"closed","template":"","meta":[],"_links":{"self":[{"href":"http:\/\/www.showtur.com.br\/site\/wp-json\/wp\/v2\/pages\/77"}],"collection":[{"href":"http:\/\/www.showtur.com.br\/site\/wp-json\/wp\/v2\/pages"}],"about":[{"href":"http:\/\/www.showtur.com.br\/site\/wp-json\/wp\/v2\/types\/page"}],"author":[{"embeddable":true,"href":"http:\/\/www.showtur.com.br\/site\/wp-json\/wp\/v2\/users\/1"}],"replies":[{"embeddable":true,"href":"http:\/\/www.showtur.com.br\/site\/wp-json\/wp\/v2\/comments?post=77"}],"version-history":[{"count":8,"href":"http:\/\/www.showtur.com.br\/site\/wp-json\/wp\/v2\/pages\/77\/revisions"}],"predecessor-version":[{"id":591,"href":"http:\/\/www.showtur.com.br\/site\/wp-json\/wp\/v2\/pages\/77\/revisions\/591"}],"wp:attachment":[{"href":"http:\/\/www.showtur.com.br\/site\/wp-json\/wp\/v2\/media?parent=77"}],"curies":[{"name":"wp","href":"https:\/\/api.w.org\/{rel}","templated":true}]}}