{"id":315,"date":"2019-04-30T05:31:59","date_gmt":"2019-04-30T08:31:59","guid":{"rendered":"http:\/\/www.showtur.com.br\/site\/?page_id=315"},"modified":"2019-04-30T05:36:20","modified_gmt":"2019-04-30T08:36:20","slug":"como-funciona-o-replago","status":"publish","type":"page","link":"http:\/\/www.showtur.com.br\/site\/como-funciona-o-replago\/","title":{"rendered":"Como funciona o RepLago?"},"content":{"rendered":"\t\t<div data-elementor-type=\"wp-post\" data-elementor-id=\"315\" class=\"elementor elementor-315\">\n\t\t\t\t\t\t<div class=\"elementor-inner\">\n\t\t\t\t<div class=\"elementor-section-wrap\">\n\t\t\t\t\t\t\t\t\t<section class=\"elementor-section elementor-top-section elementor-element elementor-element-4587dc9 elementor-section-boxed elementor-section-height-default elementor-section-height-default\" data-id=\"4587dc9\" data-element_type=\"section\">\n\t\t\t\t\t\t<div class=\"elementor-container elementor-column-gap-default\">\n\t\t\t\t\t\t\t<div class=\"elementor-row\">\n\t\t\t\t\t<div class=\"elementor-column elementor-col-50 elementor-top-column elementor-element elementor-element-449fd6a\" data-id=\"449fd6a\" data-element_type=\"column\">\n\t\t\t<div class=\"elementor-column-wrap elementor-element-populated\">\n\t\t\t\t\t\t\t<div class=\"elementor-widget-wrap\">\n\t\t\t\t\t\t<div class=\"elementor-element elementor-element-c10c099 elementor-widget elementor-widget-image\" data-id=\"c10c099\" data-element_type=\"widget\" data-widget_type=\"image.default\">\n\t\t\t\t<div class=\"elementor-widget-container\">\n\t\t\t\t\t\t\t\t<div class=\"elementor-image\">\n\t\t\t\t\t\t\t\t\t\t\t\t<img decoding=\"async\" width=\"960\" height=\"960\" src=\"http:\/\/www.showtur.com.br\/site\/wp-content\/uploads\/2019\/04\/46342640_2062427077129142_1668173599938183168_n.jpg\" class=\"attachment-large size-large wp-image-318\" alt=\"\" loading=\"lazy\" srcset=\"http:\/\/www.showtur.com.br\/site\/wp-content\/uploads\/2019\/04\/46342640_2062427077129142_1668173599938183168_n.jpg 960w, http:\/\/www.showtur.com.br\/site\/wp-content\/uploads\/2019\/04\/46342640_2062427077129142_1668173599938183168_n-300x300.jpg 300w, http:\/\/www.showtur.com.br\/site\/wp-content\/uploads\/2019\/04\/46342640_2062427077129142_1668173599938183168_n-150x150.jpg 150w, http:\/\/www.showtur.com.br\/site\/wp-content\/uploads\/2019\/04\/46342640_2062427077129142_1668173599938183168_n-768x768.jpg 768w, http:\/\/www.showtur.com.br\/site\/wp-content\/uploads\/2019\/04\/46342640_2062427077129142_1668173599938183168_n-230x230.jpg 230w, http:\/\/www.showtur.com.br\/site\/wp-content\/uploads\/2019\/04\/46342640_2062427077129142_1668173599938183168_n-365x365.jpg 365w, http:\/\/www.showtur.com.br\/site\/wp-content\/uploads\/2019\/04\/46342640_2062427077129142_1668173599938183168_n-50x50.jpg 50w, http:\/\/www.showtur.com.br\/site\/wp-content\/uploads\/2019\/04\/46342640_2062427077129142_1668173599938183168_n-45x45.jpg 45w, http:\/\/www.showtur.com.br\/site\/wp-content\/uploads\/2019\/04\/46342640_2062427077129142_1668173599938183168_n-600x600.jpg 600w\" sizes=\"(max-width: 960px) 100vw, 960px\" \/>\t\t\t\t\t\t\t\t\t\t\t\t\t\t<\/div>\n\t\t\t\t\t\t<\/div>\n\t\t\t\t<\/div>\n\t\t\t\t\t\t<\/div>\n\t\t\t\t\t<\/div>\n\t\t<\/div>\n\t\t\t\t<div class=\"elementor-column elementor-col-50 elementor-top-column elementor-element elementor-element-4d8ca76\" data-id=\"4d8ca76\" data-element_type=\"column\">\n\t\t\t<div class=\"elementor-column-wrap elementor-element-populated\">\n\t\t\t\t\t\t\t<div class=\"elementor-widget-wrap\">\n\t\t\t\t\t\t<div class=\"elementor-element elementor-element-d2efd7f elementor-widget elementor-widget-text-editor\" data-id=\"d2efd7f\" data-element_type=\"widget\" data-widget_type=\"text-editor.default\">\n\t\t\t\t<div class=\"elementor-widget-container\">\n\t\t\t\t\t\t\t\t<div class=\"elementor-text-editor elementor-clearfix\">\n\t\t\t\t<p style=\"margin-bottom: 10.0pt; line-height: 115%; mso-pagination: none; mso-layout-grid-align: none; text-autospace: none;\"><span lang=\"pt\" style=\"font-size: 12.0pt; line-height: 115%; font-family: 'Arial',sans-serif; mso-ansi-language: #0016;\">Tem dois jeitos de vir pra c\u00e1: com a escola e durante as f\u00e9rias.<\/span><\/p><p style=\"margin-bottom: 10.0pt; line-height: 115%; mso-pagination: none; mso-layout-grid-align: none; text-autospace: none;\"><b style=\"font-style: inherit; font-variant-ligatures: inherit; font-variant-caps: inherit;\"><span lang=\"pt\" style=\"font-size: 12.0pt; line-height: 115%; font-family: 'Arial',sans-serif; mso-ansi-language: #0016;\">Com a escola:<\/span><\/b><\/p><p style=\"margin-bottom: 10.0pt; line-height: 115%; mso-pagination: none; mso-layout-grid-align: none; text-autospace: none;\"><span style=\"font-family: Arial, sans-serif; font-size: 12pt;\">Com a escola, passar uma temporada no RepLago parece ser pura divers\u00e3o, mas \u00e9 muito mais que isso. Passar bons momentos com os colegas e professores fora da escola \u00e9 uma forma de entender melhor o jeito de ser de cada um, fazendo todo mundo ficar mais unido. E isso ajuda muito nos estudos durante o ano inteiro! \u00c9 que, depois de voltar da viagem, todo mundo fica mais \u00e0 vontade para compartilhar o conhecimento e tamb\u00e9m as d\u00favidas.<\/span><\/p><p style=\"margin-bottom: 10.0pt; line-height: 115%; mso-pagination: none; mso-layout-grid-align: none; text-autospace: none;\"><span style=\"font-family: Arial, sans-serif; font-size: 12pt;\">Poe ser que a sua escola proponha voc\u00ea vir ao RepLago para um estudo em campo ou uma viv\u00eancia em ingl\u00eas. \u00c9 divertido, porque o conhecimento parece sair do livro e voc\u00ea se transforma em pesquisador, participando de experi\u00eancias, jogos e brincadeiras. Desse jeito, a gente aprende muito mais r\u00e1pido e nunca mais esquece&#8230;<\/span><\/p><p style=\"margin-bottom: 10.0pt; line-height: 115%; mso-pagination: none; mso-layout-grid-align: none; text-autospace: none;\"><b style=\"font-style: inherit; font-variant-ligatures: inherit; font-variant-caps: inherit;\"><span lang=\"pt\" style=\"font-size: 12.0pt; line-height: 115%; font-family: 'Arial',sans-serif; mso-ansi-language: #0016;\">Oba! Chegaram as f\u00e9rias!<\/span><\/b><\/p><p style=\"margin-bottom: 10.0pt; line-height: 115%; mso-pagination: none; mso-layout-grid-align: none; text-autospace: none;\"><span style=\"font-family: Arial, sans-serif; font-size: 12pt;\">Voc\u00ea tamb\u00e9m pode pedir aos seus pais para vir nas f\u00e9rias. Em Janeiro e em Julho recebemos meninos e meninas que querem passar as f\u00e9rias com aventura, amigos e muita divers\u00e3o! \u00c9 hora de botar os livros na prateleira e tirar a mochila de viagem do arm\u00e1rio. Na bagagem: esp\u00edrito de aventura, t\u00eanis,companheirismo, lanterna, bom humor, filtro solar, solidariedade, bon\u00e9&#8230;tudo de que voc\u00ea precisa para passar uma semana ou mais de f\u00e9rias daquelas que d\u00e1 vontade de repetir. No RepLago voc\u00ea se sente em casa, mesmo ao lado de amigos que acabou de conhecer. O tempo todo est\u00e1 rodeado por um pessoal simp\u00e1tico e de alto-astral. E o que \u00e9 melhor, participa de brincadeiras gostosas, inteligentes e seguras.<\/span><\/p><p style=\"margin-bottom: 10.0pt; line-height: 115%; mso-pagination: none; mso-layout-grid-align: none; text-autospace: none;\"><span style=\"font-family: Arial, sans-serif; font-size: 12pt;\">Com a escola ou nas f\u00e9rias, estar na natureza sempre faz bem. Aqui o tempo passa r\u00e1pido, e a gente fica querendo que o dia tivesse mais horas. Mas ele passa gostoso, com m\u00fasica e amigos, e sendo recheado por camadas e mais camadas de momentos de felicidade.<\/span><\/p>\t\t\t\t\t<\/div>\n\t\t\t\t\t\t<\/div>\n\t\t\t\t<\/div>\n\t\t\t\t\t\t<\/div>\n\t\t\t\t\t<\/div>\n\t\t<\/div>\n\t\t\t\t\t\t\t\t<\/div>\n\t\t\t\t\t<\/div>\n\t\t<\/section>\n\t\t\t\t<section class=\"elementor-section elementor-top-section elementor-element elementor-element-fd46cdb elementor-section-boxed elementor-section-height-default elementor-section-height-default\" data-id=\"fd46cdb\" data-element_type=\"section\">\n\t\t\t\t\t\t<div class=\"elementor-container elementor-column-gap-default\">\n\t\t\t\t\t\t\t<div class=\"elementor-row\">\n\t\t\t\t\t<div class=\"elementor-column elementor-col-33 elementor-top-column elementor-element elementor-element-dd4c74f\" data-id=\"dd4c74f\" data-element_type=\"column\">\n\t\t\t<div class=\"elementor-column-wrap elementor-element-populated\">\n\t\t\t\t\t\t\t<div class=\"elementor-widget-wrap\">\n\t\t\t\t\t\t<div class=\"elementor-element elementor-element-8b33e5c elementor-widget elementor-widget-image\" data-id=\"8b33e5c\" data-element_type=\"widget\" data-widget_type=\"image.default\">\n\t\t\t\t<div class=\"elementor-widget-container\">\n\t\t\t\t\t\t\t\t<div class=\"elementor-image\">\n\t\t\t\t\t\t\t\t\t\t\t\t<img decoding=\"async\" width=\"800\" height=\"550\" src=\"http:\/\/www.showtur.com.br\/site\/wp-content\/uploads\/2019\/04\/2-491-foto-1-800x550.jpg\" class=\"attachment-large size-large wp-image-319\" alt=\"\" loading=\"lazy\" srcset=\"http:\/\/www.showtur.com.br\/site\/wp-content\/uploads\/2019\/04\/2-491-foto-1-800x550.jpg 800w, http:\/\/www.showtur.com.br\/site\/wp-content\/uploads\/2019\/04\/2-491-foto-1-800x550-300x206.jpg 300w, http:\/\/www.showtur.com.br\/site\/wp-content\/uploads\/2019\/04\/2-491-foto-1-800x550-768x528.jpg 768w, http:\/\/www.showtur.com.br\/site\/wp-content\/uploads\/2019\/04\/2-491-foto-1-800x550-600x413.jpg 600w\" sizes=\"(max-width: 800px) 100vw, 800px\" \/>\t\t\t\t\t\t\t\t\t\t\t\t\t\t<\/div>\n\t\t\t\t\t\t<\/div>\n\t\t\t\t<\/div>\n\t\t\t\t\t\t<\/div>\n\t\t\t\t\t<\/div>\n\t\t<\/div>\n\t\t\t\t<div class=\"elementor-column elementor-col-33 elementor-top-column elementor-element elementor-element-b38d017\" data-id=\"b38d017\" data-element_type=\"column\">\n\t\t\t<div class=\"elementor-column-wrap elementor-element-populated\">\n\t\t\t\t\t\t\t<div class=\"elementor-widget-wrap\">\n\t\t\t\t\t\t<div class=\"elementor-element elementor-element-e93a8fd elementor-widget elementor-widget-image\" data-id=\"e93a8fd\" data-element_type=\"widget\" data-widget_type=\"image.default\">\n\t\t\t\t<div class=\"elementor-widget-container\">\n\t\t\t\t\t\t\t\t<div class=\"elementor-image\">\n\t\t\t\t\t\t\t\t\t\t\t\t<img decoding=\"async\" width=\"800\" height=\"550\" src=\"http:\/\/www.showtur.com.br\/site\/wp-content\/uploads\/2019\/04\/6-replago_baixa-5045-equipe-4-2-800x550.jpg\" class=\"attachment-large size-large wp-image-320\" alt=\"\" loading=\"lazy\" srcset=\"http:\/\/www.showtur.com.br\/site\/wp-content\/uploads\/2019\/04\/6-replago_baixa-5045-equipe-4-2-800x550.jpg 800w, http:\/\/www.showtur.com.br\/site\/wp-content\/uploads\/2019\/04\/6-replago_baixa-5045-equipe-4-2-800x550-300x206.jpg 300w, http:\/\/www.showtur.com.br\/site\/wp-content\/uploads\/2019\/04\/6-replago_baixa-5045-equipe-4-2-800x550-768x528.jpg 768w, http:\/\/www.showtur.com.br\/site\/wp-content\/uploads\/2019\/04\/6-replago_baixa-5045-equipe-4-2-800x550-600x413.jpg 600w\" sizes=\"(max-width: 800px) 100vw, 800px\" \/>\t\t\t\t\t\t\t\t\t\t\t\t\t\t<\/div>\n\t\t\t\t\t\t<\/div>\n\t\t\t\t<\/div>\n\t\t\t\t\t\t<\/div>\n\t\t\t\t\t<\/div>\n\t\t<\/div>\n\t\t\t\t<div class=\"elementor-column elementor-col-33 elementor-top-column elementor-element elementor-element-95120df\" data-id=\"95120df\" data-element_type=\"column\">\n\t\t\t<div class=\"elementor-column-wrap elementor-element-populated\">\n\t\t\t\t\t\t\t<div class=\"elementor-widget-wrap\">\n\t\t\t\t\t\t<div class=\"elementor-element elementor-element-fefbf68 elementor-widget elementor-widget-image\" data-id=\"fefbf68\" data-element_type=\"widget\" data-widget_type=\"image.default\">\n\t\t\t\t<div class=\"elementor-widget-container\">\n\t\t\t\t\t\t\t\t<div class=\"elementor-image\">\n\t\t\t\t\t\t\t\t\t\t\t\t<img decoding=\"async\" width=\"800\" height=\"550\" src=\"http:\/\/www.showtur.com.br\/site\/wp-content\/uploads\/2019\/04\/12-17-nov-16-c-281-seguranca-800x550.jpg\" class=\"attachment-large size-large wp-image-321\" alt=\"\" loading=\"lazy\" srcset=\"http:\/\/www.showtur.com.br\/site\/wp-content\/uploads\/2019\/04\/12-17-nov-16-c-281-seguranca-800x550.jpg 800w, http:\/\/www.showtur.com.br\/site\/wp-content\/uploads\/2019\/04\/12-17-nov-16-c-281-seguranca-800x550-300x206.jpg 300w, http:\/\/www.showtur.com.br\/site\/wp-content\/uploads\/2019\/04\/12-17-nov-16-c-281-seguranca-800x550-768x528.jpg 768w, http:\/\/www.showtur.com.br\/site\/wp-content\/uploads\/2019\/04\/12-17-nov-16-c-281-seguranca-800x550-600x413.jpg 600w\" sizes=\"(max-width: 800px) 100vw, 800px\" \/>\t\t\t\t\t\t\t\t\t\t\t\t\t\t<\/div>\n\t\t\t\t\t\t<\/div>\n\t\t\t\t<\/div>\n\t\t\t\t\t\t<\/div>\n\t\t\t\t\t<\/div>\n\t\t<\/div>\n\t\t\t\t\t\t\t\t<\/div>\n\t\t\t\t\t<\/div>\n\t\t<\/section>\n\t\t\t\t<section class=\"elementor-section elementor-top-section elementor-element elementor-element-23fc901 elementor-section-boxed elementor-section-height-default elementor-section-height-default\" data-id=\"23fc901\" data-element_type=\"section\">\n\t\t\t\t\t\t<div class=\"elementor-container elementor-column-gap-default\">\n\t\t\t\t\t\t\t<div class=\"elementor-row\">\n\t\t\t\t\t<div class=\"elementor-column elementor-col-50 elementor-top-column elementor-element elementor-element-fdc6cde\" data-id=\"fdc6cde\" data-element_type=\"column\">\n\t\t\t<div class=\"elementor-column-wrap elementor-element-populated\">\n\t\t\t\t\t\t\t<div class=\"elementor-widget-wrap\">\n\t\t\t\t\t\t<div class=\"elementor-element elementor-element-f0acd7c elementor-widget elementor-widget-text-editor\" data-id=\"f0acd7c\" data-element_type=\"widget\" data-widget_type=\"text-editor.default\">\n\t\t\t\t<div class=\"elementor-widget-container\">\n\t\t\t\t\t\t\t\t<div class=\"elementor-text-editor elementor-clearfix\">\n\t\t\t\t<p class=\"MsoNormal\" style=\"margin-bottom: 10.0pt; line-height: 115%; mso-pagination: none; mso-layout-grid-align: none; text-autospace: none;\"><b><span lang=\"pt\" style=\"font-size: 16.0pt; line-height: 115%; font-family: 'Arial',sans-serif; mso-ansi-language: #0016;\">\u00c0 Noite<\/span><\/b><\/p><p class=\"MsoNormal\" style=\"margin-bottom: 10.0pt; line-height: 115%; mso-pagination: none; mso-layout-grid-align: none; text-autospace: none;\"><span lang=\"pt\" style=\"font-size: 12.0pt; line-height: 115%; font-family: 'Arial',sans-serif; mso-ansi-language: #0016;\">A nossa programa\u00e7\u00e3o tem Noite da Pizza, Escape Room e outros jogos com lanternas cheios de mist\u00e9rio. E, claro, para quem quiser mmais agito, balada!<\/span><\/p><p class=\"MsoNormal\" style=\"margin-bottom: 10.0pt; line-height: 115%; mso-pagination: none; mso-layout-grid-align: none; text-autospace: none;\"><b style=\"font-style: inherit; font-variant-ligatures: inherit; font-variant-caps: inherit;\"><span lang=\"pt\" style=\"font-size: 16.0pt; line-height: 115%; font-family: 'Arial',sans-serif; mso-ansi-language: #0016;\">Levamos a s\u00e9rio: Estrutura, acomoda\u00e7\u00f5es, seguran\u00e7a e equipe!<\/span><\/b><\/p><p class=\"MsoNormal\" style=\"text-indent: -18.0pt; line-height: 115%; mso-pagination: none; mso-list: l0 level1 lfo1; mso-layout-grid-align: none; text-autospace: none; margin: 0cm 0cm 10.0pt 36.0pt;\"><!-- [if !supportLists]--><span lang=\"pt\" style=\"font-size: 12.0pt; line-height: 115%; font-family: Symbol; mso-fareast-font-family: Symbol; mso-bidi-font-family: Symbol; mso-ansi-language: #0016;\">\u00b7<span style=\"font: 7.0pt 'Times New Roman';\">\u00a0\u00a0\u00a0\u00a0\u00a0\u00a0\u00a0\u00a0 <\/span><\/span><!--[endif]--><span lang=\"pt\" style=\"font-size: 12.0pt; line-height: 115%; font-family: 'Arial',sans-serif; mso-ansi-language: #0016;\">Temos cinco refei\u00e7\u00f5es por dia, todas deliciosas. Tudo \u00e9 preparado por chefs experientes. Fazemos quest\u00e3o de usar os ingredientes das marcas conhecidas, para a nossa comida ficar com aquele gostinho de comida de casa bem caprichada.<\/span><\/p><p class=\"MsoNormal\" style=\"text-indent: -18.0pt; line-height: 115%; mso-pagination: none; mso-list: l0 level1 lfo1; mso-layout-grid-align: none; text-autospace: none; margin: 0cm 0cm 10.0pt 36.0pt;\"><!-- [if !supportLists]--><span lang=\"pt\" style=\"font-size: 12.0pt; line-height: 115%; font-family: Symbol; mso-fareast-font-family: Symbol; mso-bidi-font-family: Symbol; mso-ansi-language: #0016;\">\u00b7<span style=\"font: 7.0pt 'Times New Roman';\">\u00a0\u00a0\u00a0\u00a0\u00a0\u00a0\u00a0\u00a0 <\/span><\/span><!--[endif]--><span lang=\"pt\" style=\"font-size: 12.0pt; line-height: 115%; font-family: 'Arial',sans-serif; mso-ansi-language: #0016;\">Nossa estrutura \u00e9 completa. Os chal\u00e9s, distribuidos ao redor de um lindo jardim, s\u00e3o confort\u00e1veis e divididos por sexo e idade. Todos t\u00eam banheiros amplos e tem sempre um monitor ou professor presente em todos os momentos para auxiliar os acampantes.<\/span><\/p><p class=\"MsoNormal\" style=\"text-indent: -18.0pt; line-height: 115%; mso-pagination: none; mso-list: l0 level1 lfo1; mso-layout-grid-align: none; text-autospace: none; margin: 0cm 0cm 10.0pt 36.0pt;\"><!-- [if !supportLists]--><span lang=\"pt\" style=\"font-size: 12.0pt; line-height: 115%; font-family: Symbol; mso-fareast-font-family: Symbol; mso-bidi-font-family: Symbol; mso-ansi-language: #0016;\">\u00b7<span style=\"font: 7.0pt 'Times New Roman';\">\u00a0\u00a0\u00a0\u00a0\u00a0\u00a0\u00a0\u00a0 <\/span><\/span><!--[endif]--><span lang=\"pt\" style=\"font-size: 12.0pt; line-height: 115%; font-family: 'Arial',sans-serif; mso-ansi-language: #0016;\">Nesse mesmo jardim, pr\u00f3ximo a tudo, fica o escrit\u00f3rio central da RepLago, de onde os propriet\u00e1rios acompanham o dia a dia.<\/span><\/p><p class=\"MsoNormal\" style=\"text-indent: -18.0pt; line-height: 115%; mso-pagination: none; mso-list: l0 level1 lfo1; mso-layout-grid-align: none; text-autospace: none; margin: 0cm 0cm 10.0pt 36.0pt;\"><!-- [if !supportLists]--><span lang=\"pt\" style=\"font-size: 12.0pt; line-height: 115%; font-family: Symbol; mso-fareast-font-family: Symbol; mso-bidi-font-family: Symbol; mso-ansi-language: #0016;\">\u00b7<span style=\"font: 7.0pt 'Times New Roman';\">\u00a0\u00a0\u00a0\u00a0\u00a0\u00a0\u00a0\u00a0 <\/span><\/span><!--[endif]--><span lang=\"pt\" style=\"font-size: 12.0pt; line-height: 115%; font-family: 'Arial',sans-serif; mso-ansi-language: #0016;\">A equipe de monitores participa de capacita\u00e7\u00f5es durante todo o ano e gosta do que faz, acompanha tudo atenta, respeitando o jeito de cada um.<\/span><\/p><p class=\"MsoNormal\" style=\"text-indent: -18.0pt; line-height: 115%; mso-pagination: none; mso-list: l0 level1 lfo1; mso-layout-grid-align: none; text-autospace: none; margin: 0cm 0cm 10.0pt 36.0pt;\"><!-- [if !supportLists]--><span lang=\"pt\" style=\"font-size: 12.0pt; line-height: 115%; font-family: Symbol; mso-fareast-font-family: Symbol; mso-bidi-font-family: Symbol; mso-ansi-language: #0016;\">\u00b7<span style=\"font: 7.0pt 'Times New Roman';\">\u00a0\u00a0\u00a0\u00a0\u00a0\u00a0\u00a0\u00a0 <\/span><\/span><!--[endif]--><span lang=\"pt\" style=\"font-size: 12.0pt; line-height: 115%; font-family: 'Arial',sans-serif; mso-ansi-language: #0016;\">A infraestrutura e as atividades s\u00e3o cuidadosamente planejadas e sempre testadas, passando por manuten\u00e7\u00e3o constante. H\u00e1 seguran\u00e7a 24 horas, guarda-vidas, gerador, ambulat\u00f3rio bem equipado, transporte para m\u00e9dicos especialistas em Leme e dois hospitais a20 minutos de dist\u00e2ncia &#8211; e, nas f\u00e9rias de Janeiro e Julho, h\u00e1 m\u00e9dico pediatra de plant\u00e3o dentro do RepLago. <\/span><\/p><p class=\"MsoNormal\" style=\"text-indent: -18.0pt; line-height: 115%; mso-pagination: none; mso-list: l0 level1 lfo1; mso-layout-grid-align: none; text-autospace: none; margin: 0cm 0cm 10.0pt 36.0pt;\"><!-- [if !supportLists]--><span lang=\"pt\" style=\"font-size: 12.0pt; line-height: 115%; font-family: Symbol; mso-fareast-font-family: Symbol; mso-bidi-font-family: Symbol; mso-ansi-language: #0016;\">\u00b7<span style=\"font: 7.0pt 'Times New Roman';\">\u00a0\u00a0\u00a0\u00a0\u00a0\u00a0\u00a0\u00a0 <\/span><\/span><!--[endif]--><span lang=\"pt\" style=\"font-size: 12.0pt; line-height: 115%; font-family: 'Arial',sans-serif; mso-ansi-language: #0016;\">\u00c9 uma oportunidade de conviv\u00eancia em ambiente onde se conquistou uma aplica\u00e7\u00e3o real de consci\u00eancia ambiental e de pr\u00e1ticas sustent\u00e1veis.<\/span><\/p><p class=\"MsoNormal\" style=\"text-indent: -18.0pt; line-height: 115%; mso-pagination: none; mso-list: l0 level1 lfo1; mso-layout-grid-align: none; text-autospace: none; margin: 0cm 0cm 10.0pt 36.0pt;\"><span lang=\"pt\" style=\"font-size: 12pt; font-weight: 300; text-indent: -18pt; line-height: 115%; font-family: Symbol;\">\u00b7<span style=\"font: 7.0pt 'Times New Roman';\">\u00a0\u00a0\u00a0\u00a0\u00a0\u00a0\u00a0\u00a0 <\/span><\/span><span lang=\"pt\" style=\"font-size: 12pt; font-weight: 300; text-indent: -18pt; line-height: 115%; font-family: Arial, sans-serif;\">As fotos tiradas durante o dia s\u00e3o colocadas no site todas as noites para que os pais possam acompanhar algumas atividades, e temos tamb\u00e9m um sistema de envio de mensagens para os acampantes por meio do nosso site.<\/span><\/p>\t\t\t\t\t<\/div>\n\t\t\t\t\t\t<\/div>\n\t\t\t\t<\/div>\n\t\t\t\t\t\t<\/div>\n\t\t\t\t\t<\/div>\n\t\t<\/div>\n\t\t\t\t<div class=\"elementor-column elementor-col-50 elementor-top-column elementor-element elementor-element-d4527dd\" data-id=\"d4527dd\" data-element_type=\"column\">\n\t\t\t<div class=\"elementor-column-wrap elementor-element-populated\">\n\t\t\t\t\t\t\t<div class=\"elementor-widget-wrap\">\n\t\t\t\t\t\t<div class=\"elementor-element elementor-element-88bed0f elementor-widget elementor-widget-image\" data-id=\"88bed0f\" data-element_type=\"widget\" data-widget_type=\"image.default\">\n\t\t\t\t<div class=\"elementor-widget-container\">\n\t\t\t\t\t\t\t\t<div class=\"elementor-image\">\n\t\t\t\t\t\t\t\t\t\t\t\t<img decoding=\"async\" width=\"960\" height=\"960\" src=\"http:\/\/www.showtur.com.br\/site\/wp-content\/uploads\/2019\/04\/foto01-1.jpg\" class=\"attachment-large size-large wp-image-322\" alt=\"\" loading=\"lazy\" srcset=\"http:\/\/www.showtur.com.br\/site\/wp-content\/uploads\/2019\/04\/foto01-1.jpg 960w, http:\/\/www.showtur.com.br\/site\/wp-content\/uploads\/2019\/04\/foto01-1-300x300.jpg 300w, http:\/\/www.showtur.com.br\/site\/wp-content\/uploads\/2019\/04\/foto01-1-150x150.jpg 150w, http:\/\/www.showtur.com.br\/site\/wp-content\/uploads\/2019\/04\/foto01-1-768x768.jpg 768w, http:\/\/www.showtur.com.br\/site\/wp-content\/uploads\/2019\/04\/foto01-1-230x230.jpg 230w, http:\/\/www.showtur.com.br\/site\/wp-content\/uploads\/2019\/04\/foto01-1-365x365.jpg 365w, http:\/\/www.showtur.com.br\/site\/wp-content\/uploads\/2019\/04\/foto01-1-50x50.jpg 50w, http:\/\/www.showtur.com.br\/site\/wp-content\/uploads\/2019\/04\/foto01-1-45x45.jpg 45w, http:\/\/www.showtur.com.br\/site\/wp-content\/uploads\/2019\/04\/foto01-1-600x600.jpg 600w\" sizes=\"(max-width: 960px) 100vw, 960px\" \/>\t\t\t\t\t\t\t\t\t\t\t\t\t\t<\/div>\n\t\t\t\t\t\t<\/div>\n\t\t\t\t<\/div>\n\t\t\t\t\t\t<\/div>\n\t\t\t\t\t<\/div>\n\t\t<\/div>\n\t\t\t\t\t\t\t\t<\/div>\n\t\t\t\t\t<\/div>\n\t\t<\/section>\n\t\t\t\t<section class=\"elementor-section elementor-top-section elementor-element elementor-element-29db3ad elementor-section-boxed elementor-section-height-default elementor-section-height-default\" data-id=\"29db3ad\" data-element_type=\"section\">\n\t\t\t\t\t\t<div class=\"elementor-container elementor-column-gap-default\">\n\t\t\t\t\t\t\t<div class=\"elementor-row\">\n\t\t\t\t\t<div class=\"elementor-column elementor-col-100 elementor-top-column elementor-element elementor-element-e5c5d45\" data-id=\"e5c5d45\" data-element_type=\"column\">\n\t\t\t<div class=\"elementor-column-wrap elementor-element-populated\">\n\t\t\t\t\t\t\t<div class=\"elementor-widget-wrap\">\n\t\t\t\t\t\t<div class=\"elementor-element elementor-element-1c7cbfa elementor-widget elementor-widget-image\" data-id=\"1c7cbfa\" data-element_type=\"widget\" data-widget_type=\"image.default\">\n\t\t\t\t<div class=\"elementor-widget-container\">\n\t\t\t\t\t\t\t\t<div class=\"elementor-image\">\n\t\t\t\t\t\t\t\t\t\t\t\t<img decoding=\"async\" width=\"1024\" height=\"463\" src=\"http:\/\/www.showtur.com.br\/site\/wp-content\/uploads\/2019\/04\/11-23-mar-16-c-002-estrutura-4-1024x463.jpg\" class=\"attachment-large size-large wp-image-324\" alt=\"\" loading=\"lazy\" srcset=\"http:\/\/www.showtur.com.br\/site\/wp-content\/uploads\/2019\/04\/11-23-mar-16-c-002-estrutura-4-1024x463.jpg 1024w, http:\/\/www.showtur.com.br\/site\/wp-content\/uploads\/2019\/04\/11-23-mar-16-c-002-estrutura-4-300x136.jpg 300w, http:\/\/www.showtur.com.br\/site\/wp-content\/uploads\/2019\/04\/11-23-mar-16-c-002-estrutura-4-768x347.jpg 768w, http:\/\/www.showtur.com.br\/site\/wp-content\/uploads\/2019\/04\/11-23-mar-16-c-002-estrutura-4-600x271.jpg 600w, http:\/\/www.showtur.com.br\/site\/wp-content\/uploads\/2019\/04\/11-23-mar-16-c-002-estrutura-4.jpg 1742w\" sizes=\"(max-width: 1024px) 100vw, 1024px\" \/>\t\t\t\t\t\t\t\t\t\t\t\t\t\t<\/div>\n\t\t\t\t\t\t<\/div>\n\t\t\t\t<\/div>\n\t\t\t\t\t\t<\/div>\n\t\t\t\t\t<\/div>\n\t\t<\/div>\n\t\t\t\t\t\t\t\t<\/div>\n\t\t\t\t\t<\/div>\n\t\t<\/section>\n\t\t\t\t\t\t\t\t\t<\/div>\n\t\t\t<\/div>\n\t\t\t\t\t<\/div>\n\t\t","protected":false},"excerpt":{"rendered":"<p>Tem dois jeitos de vir pra c\u00e1: com a escola e durante as f\u00e9rias. Com a escola: Com a escola, passar uma temporada no RepLago parece<span class=\"excerpt-hellip\"> [\u2026]<\/span><\/p>\n","protected":false},"author":1,"featured_media":0,"parent":0,"menu_order":0,"comment_status":"closed","ping_status":"closed","template":"","meta":[],"_links":{"self":[{"href":"http:\/\/www.showtur.com.br\/site\/wp-json\/wp\/v2\/pages\/315"}],"collection":[{"href":"http:\/\/www.showtur.com.br\/site\/wp-json\/wp\/v2\/pages"}],"about":[{"href":"http:\/\/www.showtur.com.br\/site\/wp-json\/wp\/v2\/types\/page"}],"author":[{"embeddable":true,"href":"http:\/\/www.showtur.com.br\/site\/wp-json\/wp\/v2\/users\/1"}],"replies":[{"embeddable":true,"href":"http:\/\/www.showtur.com.br\/site\/wp-json\/wp\/v2\/comments?post=315"}],"version-history":[{"count":3,"href":"http:\/\/www.showtur.com.br\/site\/wp-json\/wp\/v2\/pages\/315\/revisions"}],"predecessor-version":[{"id":325,"href":"http:\/\/www.showtur.com.br\/site\/wp-json\/wp\/v2\/pages\/315\/revisions\/325"}],"wp:attachment":[{"href":"http:\/\/www.showtur.com.br\/site\/wp-json\/wp\/v2\/media?parent=315"}],"curies":[{"name":"wp","href":"https:\/\/api.w.org\/{rel}","templated":true}]}}