{"id":312,"date":"2019-04-30T05:27:26","date_gmt":"2019-04-30T08:27:26","guid":{"rendered":"http:\/\/www.showtur.com.br\/site\/?page_id=312"},"modified":"2019-04-30T05:32:18","modified_gmt":"2019-04-30T08:32:18","slug":"republica-lago","status":"publish","type":"page","link":"http:\/\/www.showtur.com.br\/site\/republica-lago\/","title":{"rendered":"Rep\u00fablica Lago"},"content":{"rendered":"\t\t<div data-elementor-type=\"wp-post\" data-elementor-id=\"312\" class=\"elementor elementor-312\">\n\t\t\t\t\t\t<div class=\"elementor-inner\">\n\t\t\t\t<div class=\"elementor-section-wrap\">\n\t\t\t\t\t\t\t\t\t<section class=\"elementor-section elementor-top-section elementor-element elementor-element-48dae7a elementor-section-boxed elementor-section-height-default elementor-section-height-default\" data-id=\"48dae7a\" data-element_type=\"section\">\n\t\t\t\t\t\t<div class=\"elementor-container elementor-column-gap-default\">\n\t\t\t\t\t\t\t<div class=\"elementor-row\">\n\t\t\t\t\t<div class=\"elementor-column elementor-col-50 elementor-top-column elementor-element elementor-element-f37e86d\" data-id=\"f37e86d\" data-element_type=\"column\">\n\t\t\t<div class=\"elementor-column-wrap elementor-element-populated\">\n\t\t\t\t\t\t\t<div class=\"elementor-widget-wrap\">\n\t\t\t\t\t\t<div class=\"elementor-element elementor-element-6fb1f69 elementor-widget elementor-widget-image\" data-id=\"6fb1f69\" data-element_type=\"widget\" data-widget_type=\"image.default\">\n\t\t\t\t<div class=\"elementor-widget-container\">\n\t\t\t\t\t\t\t\t<div class=\"elementor-image\">\n\t\t\t\t\t\t\t\t\t\t\t\t<img decoding=\"async\" width=\"960\" height=\"960\" src=\"http:\/\/www.showtur.com.br\/site\/wp-content\/uploads\/2019\/04\/48923766_2112070362164813_6950960108180340736_n.jpg\" class=\"attachment-large size-large wp-image-314\" alt=\"\" loading=\"lazy\" srcset=\"http:\/\/www.showtur.com.br\/site\/wp-content\/uploads\/2019\/04\/48923766_2112070362164813_6950960108180340736_n.jpg 960w, http:\/\/www.showtur.com.br\/site\/wp-content\/uploads\/2019\/04\/48923766_2112070362164813_6950960108180340736_n-300x300.jpg 300w, http:\/\/www.showtur.com.br\/site\/wp-content\/uploads\/2019\/04\/48923766_2112070362164813_6950960108180340736_n-150x150.jpg 150w, http:\/\/www.showtur.com.br\/site\/wp-content\/uploads\/2019\/04\/48923766_2112070362164813_6950960108180340736_n-768x768.jpg 768w, http:\/\/www.showtur.com.br\/site\/wp-content\/uploads\/2019\/04\/48923766_2112070362164813_6950960108180340736_n-230x230.jpg 230w, http:\/\/www.showtur.com.br\/site\/wp-content\/uploads\/2019\/04\/48923766_2112070362164813_6950960108180340736_n-365x365.jpg 365w, http:\/\/www.showtur.com.br\/site\/wp-content\/uploads\/2019\/04\/48923766_2112070362164813_6950960108180340736_n-50x50.jpg 50w, http:\/\/www.showtur.com.br\/site\/wp-content\/uploads\/2019\/04\/48923766_2112070362164813_6950960108180340736_n-45x45.jpg 45w, http:\/\/www.showtur.com.br\/site\/wp-content\/uploads\/2019\/04\/48923766_2112070362164813_6950960108180340736_n-600x600.jpg 600w\" sizes=\"(max-width: 960px) 100vw, 960px\" \/>\t\t\t\t\t\t\t\t\t\t\t\t\t\t<\/div>\n\t\t\t\t\t\t<\/div>\n\t\t\t\t<\/div>\n\t\t\t\t\t\t<\/div>\n\t\t\t\t\t<\/div>\n\t\t<\/div>\n\t\t\t\t<div class=\"elementor-column elementor-col-50 elementor-top-column elementor-element elementor-element-6a8e972\" data-id=\"6a8e972\" data-element_type=\"column\">\n\t\t\t<div class=\"elementor-column-wrap elementor-element-populated\">\n\t\t\t\t\t\t\t<div class=\"elementor-widget-wrap\">\n\t\t\t\t\t\t<div class=\"elementor-element elementor-element-3e5bd2f elementor-widget elementor-widget-text-editor\" data-id=\"3e5bd2f\" data-element_type=\"widget\" data-widget_type=\"text-editor.default\">\n\t\t\t\t<div class=\"elementor-widget-container\">\n\t\t\t\t\t\t\t\t<div class=\"elementor-text-editor elementor-clearfix\">\n\t\t\t\t<p style=\"margin-bottom: 10.0pt; line-height: normal; mso-pagination: none; mso-layout-grid-align: none; text-autospace: none;\"><b><span lang=\"pt\" style=\"font-size: 16.0pt; font-family: 'Arial',sans-serif; mso-ansi-language: #0016;\">Imagine poder fazer tudo que gosta e descobrir mais um monte de coisas novas!<\/span><\/b><\/p><p style=\"margin-bottom: 10.0pt; line-height: normal; mso-pagination: none; mso-layout-grid-align: none; text-autospace: none;\"><span style=\"font-family: Arial, sans-serif; font-size: 12pt;\">Do que voc\u00ea mais gosta de fazer? No RepLago voc\u00ea vai encontrar muitas op\u00e7\u00f5es de atividades e vai poder escolher o que quer fazer. Tudo de que gosta e mais um monte de coisas novas para experimentar e descobrir. Quer ver?<\/span><\/p><p style=\"margin-bottom: 10.0pt; line-height: normal; mso-pagination: none; mso-layout-grid-align: none; text-autospace: none;\"><span style=\"font-family: Arial, sans-serif; font-size: 12pt;\">No lago que d\u00e1 o nom ao nosso acampamento, um monte de coisas legais acontecem: tem caiaque, stand-up, barco a remo, minitrampolim e o acqua jump, essa boia gigante das fotos. Que tal pular nela e depois dar uma volta de banana boat? Mas n\u00e3o \u00e9 s\u00f3 de Lago que vive o Rep Lago. Aqui tamb\u00e9m tem campo de futebol, quadra poliesportiva, uma piscina incr\u00edvel com cascata e tudo trampolim acrob\u00e1tico&#8230;.E se voc\u00ea \u00e9 do tipo radical, vai gostar da parede de escalada, do skate motorizado, das trilhas de bike, da tirolesa, do arvorismo e da trilha de lama.<\/span><\/p><p style=\"margin-bottom: 10.0pt; line-height: normal; mso-pagination: none; mso-layout-grid-align: none; text-autospace: none;\"><span style=\"font-family: Arial, sans-serif; font-size: 12pt;\">Ou se voc\u00ea faz mais o tipo artista, vai escolher o nosso ateli\u00ea de artes, o est\u00fadio de m\u00fasica e as outras atividades que fazemos por aqui. Isso sem contar os passeios pelo lago e pela mata com os nossos bi\u00f3logos, que entendem tudo de bichos e plantas e v\u00e3o surpreender com descobertas que voc\u00ea nem sonha sobre a natureza.<\/span><\/p><p style=\"margin-bottom: 10.0pt; line-height: 115%; mso-pagination: none; mso-layout-grid-align: none; text-autospace: none;\"><b><span lang=\"pt\" style=\"font-size: 16.0pt; line-height: 115%; font-family: 'Arial',sans-serif; mso-ansi-language: #0016;\">Onde fica o RepLago?<\/span><\/b><\/p><p style=\"margin-bottom: 10.0pt; line-height: 115%; mso-pagination: none; mso-layout-grid-align: none; text-autospace: none;\"><span style=\"font-family: Arial, sans-serif; font-size: 12pt;\">O Rep\u00fabllica Lago, ou RepLago para os \u00edntimos, fica bem perto da cidade de Leme, no interior do estado de S\u00e3o Paulo. O acesso at\u00e9 aqui \u00e9 feito atrav\u00e9s de estradas de \u00f3tima qualidade.<\/span><\/p>\t\t\t\t\t<\/div>\n\t\t\t\t\t\t<\/div>\n\t\t\t\t<\/div>\n\t\t\t\t\t\t<\/div>\n\t\t\t\t\t<\/div>\n\t\t<\/div>\n\t\t\t\t\t\t\t\t<\/div>\n\t\t\t\t\t<\/div>\n\t\t<\/section>\n\t\t\t\t<section class=\"elementor-section elementor-top-section elementor-element elementor-element-080d18d elementor-section-boxed elementor-section-height-default elementor-section-height-default\" data-id=\"080d18d\" data-element_type=\"section\">\n\t\t\t\t\t\t<div class=\"elementor-container elementor-column-gap-default\">\n\t\t\t\t\t\t\t<div class=\"elementor-row\">\n\t\t\t\t\t<div class=\"elementor-column elementor-col-100 elementor-top-column elementor-element elementor-element-5b39e91\" data-id=\"5b39e91\" data-element_type=\"column\">\n\t\t\t<div class=\"elementor-column-wrap elementor-element-populated\">\n\t\t\t\t\t\t\t<div class=\"elementor-widget-wrap\">\n\t\t\t\t\t\t<div class=\"elementor-element elementor-element-5cfcec1 elementor-aspect-ratio-169 elementor-widget elementor-widget-video\" data-id=\"5cfcec1\" data-element_type=\"widget\" data-settings=\"{&quot;youtube_url&quot;:&quot;https:\\\/\\\/www.youtube.com\\\/watch?v=reZ5IITxm7Q&quot;,&quot;video_type&quot;:&quot;youtube&quot;,&quot;controls&quot;:&quot;yes&quot;,&quot;aspect_ratio&quot;:&quot;169&quot;}\" data-widget_type=\"video.default\">\n\t\t\t\t<div class=\"elementor-widget-container\">\n\t\t\t\t\t<div class=\"elementor-wrapper elementor-fit-aspect-ratio elementor-open-inline\">\n\t\t\t<div class=\"elementor-video\"><\/div>\t\t<\/div>\n\t\t\t\t<\/div>\n\t\t\t\t<\/div>\n\t\t\t\t\t\t<\/div>\n\t\t\t\t\t<\/div>\n\t\t<\/div>\n\t\t\t\t\t\t\t\t<\/div>\n\t\t\t\t\t<\/div>\n\t\t<\/section>\n\t\t\t\t<section class=\"elementor-section elementor-top-section elementor-element elementor-element-3441ca2 elementor-section-boxed elementor-section-height-default elementor-section-height-default\" data-id=\"3441ca2\" data-element_type=\"section\">\n\t\t\t\t\t\t<div class=\"elementor-container elementor-column-gap-default\">\n\t\t\t\t\t\t\t<div class=\"elementor-row\">\n\t\t\t\t\t<div class=\"elementor-column elementor-col-100 elementor-top-column elementor-element elementor-element-79b50c5\" data-id=\"79b50c5\" data-element_type=\"column\">\n\t\t\t<div class=\"elementor-column-wrap elementor-element-populated\">\n\t\t\t\t\t\t\t<div class=\"elementor-widget-wrap\">\n\t\t\t\t\t\t<div class=\"elementor-element elementor-element-41d0101 elementor-align-center elementor-widget elementor-widget-button\" data-id=\"41d0101\" data-element_type=\"widget\" data-widget_type=\"button.default\">\n\t\t\t\t<div class=\"elementor-widget-container\">\n\t\t\t\t\t<div class=\"elementor-button-wrapper\">\n\t\t\t<a href=\"http:\/\/www.showtur.com.br\/site\/como-funciona-o-replago\/\" class=\"elementor-button-link elementor-button elementor-size-sm\" role=\"button\">\n\t\t\t\t\t\t<span class=\"elementor-button-content-wrapper\">\n\t\t\t\t\t\t<span class=\"elementor-button-text\">Saiba mais sobre a Rep\u00fablica Lago<\/span>\n\t\t<\/span>\n\t\t\t\t\t<\/a>\n\t\t<\/div>\n\t\t\t\t<\/div>\n\t\t\t\t<\/div>\n\t\t\t\t\t\t<\/div>\n\t\t\t\t\t<\/div>\n\t\t<\/div>\n\t\t\t\t\t\t\t\t<\/div>\n\t\t\t\t\t<\/div>\n\t\t<\/section>\n\t\t\t\t\t\t\t\t\t<\/div>\n\t\t\t<\/div>\n\t\t\t\t\t<\/div>\n\t\t","protected":false},"excerpt":{"rendered":"<p>Imagine poder fazer tudo que gosta e descobrir mais um monte de coisas novas! Do que voc\u00ea mais gosta de fazer? No RepLago voc\u00ea vai encontrar<span class=\"excerpt-hellip\"> [\u2026]<\/span><\/p>\n","protected":false},"author":1,"featured_media":0,"parent":0,"menu_order":0,"comment_status":"closed","ping_status":"closed","template":"","meta":[],"_links":{"self":[{"href":"http:\/\/www.showtur.com.br\/site\/wp-json\/wp\/v2\/pages\/312"}],"collection":[{"href":"http:\/\/www.showtur.com.br\/site\/wp-json\/wp\/v2\/pages"}],"about":[{"href":"http:\/\/www.showtur.com.br\/site\/wp-json\/wp\/v2\/types\/page"}],"author":[{"embeddable":true,"href":"http:\/\/www.showtur.com.br\/site\/wp-json\/wp\/v2\/users\/1"}],"replies":[{"embeddable":true,"href":"http:\/\/www.showtur.com.br\/site\/wp-json\/wp\/v2\/comments?post=312"}],"version-history":[{"count":2,"href":"http:\/\/www.showtur.com.br\/site\/wp-json\/wp\/v2\/pages\/312\/revisions"}],"predecessor-version":[{"id":317,"href":"http:\/\/www.showtur.com.br\/site\/wp-json\/wp\/v2\/pages\/312\/revisions\/317"}],"wp:attachment":[{"href":"http:\/\/www.showtur.com.br\/site\/wp-json\/wp\/v2\/media?parent=312"}],"curies":[{"name":"wp","href":"https:\/\/api.w.org\/{rel}","templated":true}]}}