{"id":299,"date":"2019-04-30T04:53:55","date_gmt":"2019-04-30T07:53:55","guid":{"rendered":"http:\/\/www.showtur.com.br\/site\/?page_id=299"},"modified":"2019-04-30T05:07:30","modified_gmt":"2019-04-30T08:07:30","slug":"sitio-do-carrocao-projetos-pedagogicos","status":"publish","type":"page","link":"http:\/\/www.showtur.com.br\/site\/sitio-do-carrocao-projetos-pedagogicos\/","title":{"rendered":"S\u00edtio do Carro\u00e7\u00e3o &#8211; Projetos Pedag\u00f3gicos"},"content":{"rendered":"\t\t<div data-elementor-type=\"wp-post\" data-elementor-id=\"299\" class=\"elementor elementor-299\">\n\t\t\t\t\t\t<div class=\"elementor-inner\">\n\t\t\t\t<div class=\"elementor-section-wrap\">\n\t\t\t\t\t\t\t\t\t<section class=\"elementor-section elementor-top-section elementor-element elementor-element-6d8a683 elementor-section-boxed elementor-section-height-default elementor-section-height-default\" data-id=\"6d8a683\" data-element_type=\"section\">\n\t\t\t\t\t\t<div class=\"elementor-container elementor-column-gap-default\">\n\t\t\t\t\t\t\t<div class=\"elementor-row\">\n\t\t\t\t\t<div class=\"elementor-column elementor-col-50 elementor-top-column elementor-element elementor-element-dd74926\" data-id=\"dd74926\" data-element_type=\"column\">\n\t\t\t<div class=\"elementor-column-wrap elementor-element-populated\">\n\t\t\t\t\t\t\t<div class=\"elementor-widget-wrap\">\n\t\t\t\t\t\t<div class=\"elementor-element elementor-element-20d981c elementor-widget elementor-widget-text-editor\" data-id=\"20d981c\" data-element_type=\"widget\" data-widget_type=\"text-editor.default\">\n\t\t\t\t<div class=\"elementor-widget-container\">\n\t\t\t\t\t\t\t\t<div class=\"elementor-text-editor elementor-clearfix\">\n\t\t\t\t<p style=\"margin-bottom: 10.0pt; line-height: 115%; mso-pagination: none; mso-layout-grid-align: none; text-autospace: none;\"><b><span lang=\"pt\" style=\"font-size: 12.0pt; line-height: 115%; font-family: 'Arial',sans-serif; mso-ansi-language: #0016;\">Bio Planeta<\/span><\/b><\/p><p style=\"margin-bottom: 10.0pt; line-height: 115%; mso-pagination: none; mso-layout-grid-align: none; text-autospace: none;\"><span style=\"font-family: Arial, sans-serif; font-size: 12pt;\">A vida no planeta tem muitos detalhes fascinantes. Todos v\u00e3o se surpreender com as explica\u00e7\u00f5es de um cientista maluco que conta tudo de um jeito divertido e inesperado. No Laborat\u00f3rio de Peixes Brasileiros, uma luz intensa brilha em um tubo no centro de uma sala cheia de aqu\u00e1rios, onde vive, in\u00fameras esp\u00e9cies de peixes fluviais. Uma das principais atra\u00e7\u00f5es \u00e9 o filhote de jacar\u00e9-do-papo-amarelo. Depois, o grupo conhece o maior aqu\u00e1rio de \u00e1gua doce do Brasil, com 180 mil litros de \u00e1gua, alimentado por duas cachoeiras. A vis\u00e3o \u00e9 fant\u00e1stica: d\u00e1 pra ver jacar\u00e9s debaixo da \u00e1gua, outros com a cabe\u00e7a para fora ou tomando sol. O que comem? Quanto tempo ficam debaixo da \u00e1gua? S\u00e3o parentes do crocodilo? Mil perguntas, milhares de respostas&#8230;.<\/span><\/p><p style=\"margin-bottom: 10.0pt; line-height: 115%; mso-pagination: none; mso-layout-grid-align: none; text-autospace: none;\"><b style=\"font-style: inherit; font-variant-ligatures: inherit; font-variant-caps: inherit;\"><span lang=\"pt\" style=\"font-size: 12.0pt; line-height: 115%; font-family: 'Arial',sans-serif; mso-ansi-language: #0016;\">Spazukamonaring<\/span><\/b><\/p><p style=\"margin-bottom: 10.0pt; line-height: 115%; mso-pagination: none; mso-layout-grid-align: none; text-autospace: none;\"><span style=\"font-family: Arial, sans-serif; font-size: 12pt;\">Todos v\u00e3o se sentir pilotos da F\u00f3rmula 1 nessa minipista com trechos de Spa-Francorchamps, na B\u00e9lgica; Suzuka, no Jap\u00e3o; M\u00f4naco, no Principado de M\u00f4naco; e Hungaroring, na Hungria. O grupo se re\u00fane na Pra\u00e7a dos Pilotos, para ouvir o regulamento e receber as superlicen\u00e7as. Depois, vem a grande corrida! Os participantes se revezam, dando o melhor de si: Eles sabem que somente poder\u00e3o ganhar se trabalharem em equipe. Passam pontes, desn\u00edveis e curvas, com simula\u00e7\u00f5es de neblina e chuva. A narra\u00e7\u00e3o \u00e9 ao vivo, tendo ao fundo o ru\u00eddo de motores, para animar ainda mais a torcida, que vibra at\u00e9 o final! Alguns veem a corrida por TVs, atrav\u00e9s de c\u00e2meras espalhadas pelo circuito. Outros preferem observar das janelas do SPA Hotel.<\/span><\/p><p style=\"margin-bottom: 10.0pt; line-height: 115%; mso-pagination: none; mso-layout-grid-align: none; text-autospace: none;\"><b><span lang=\"pt\" style=\"font-size: 12.0pt; line-height: 115%; font-family: 'Arial',sans-serif; mso-ansi-language: #0016;\">Planeta Terra<\/span><\/b><\/p><p style=\"margin-bottom: 10.0pt; line-height: 115%; mso-pagination: none; mso-layout-grid-align: none; text-autospace: none;\"><span style=\"font-family: Arial, sans-serif; font-size: 12pt;\">Para entender nosso planeta, nada melhor do que brincar nessa supermaquete! Pulando de continente a continente, no planisf\u00e9rio, fica mais f\u00e1cil lembrar onde todos eles se situam. No Planeta Terra, \u00e9 divertido saber de verdade o que \u00e9 a ilha, cabo, ba\u00eda, pen\u00ednsulas, enseadas, serras e vales. Depois de tomar banho de cachoeira na nascente de um rio e garimpar seu leito at\u00e9 a foz, o grupo se surpreende ao observar um raio de sol batendo um jato de \u00e1gua: e de repente se formou um arco-\u00edris! Logo adiante, um catavento e toda sua energia mostram como a sustentabilidade \u00e9 poss\u00edvel. A mini-hidrel\u00e9trica acende l\u00e2mpadas de verdade! E esse jato de \u00e1gua que sobe t\u00e3o alto? \u00c9 o g\u00eaiser, que vem do fundo da terra com uma press\u00e3o enorme&#8230;Decididamente, o Planeta Terra \u00e9 incr\u00edvel!<\/span><\/p>\t\t\t\t\t<\/div>\n\t\t\t\t\t\t<\/div>\n\t\t\t\t<\/div>\n\t\t\t\t\t\t<\/div>\n\t\t\t\t\t<\/div>\n\t\t<\/div>\n\t\t\t\t<div class=\"elementor-column elementor-col-50 elementor-top-column elementor-element elementor-element-a863563\" data-id=\"a863563\" data-element_type=\"column\">\n\t\t\t<div class=\"elementor-column-wrap elementor-element-populated\">\n\t\t\t\t\t\t\t<div class=\"elementor-widget-wrap\">\n\t\t\t\t\t\t<div class=\"elementor-element elementor-element-5c7a622 elementor-widget elementor-widget-image\" data-id=\"5c7a622\" data-element_type=\"widget\" data-widget_type=\"image.default\">\n\t\t\t\t<div class=\"elementor-widget-container\">\n\t\t\t\t\t\t\t\t<div class=\"elementor-image\">\n\t\t\t\t\t\t\t\t\t\t\t\t<img decoding=\"async\" width=\"730\" height=\"1024\" src=\"http:\/\/www.showtur.com.br\/site\/wp-content\/uploads\/2019\/04\/foto01-730x1024.jpg\" class=\"attachment-large size-large wp-image-305\" alt=\"\" loading=\"lazy\" srcset=\"http:\/\/www.showtur.com.br\/site\/wp-content\/uploads\/2019\/04\/foto01-730x1024.jpg 730w, http:\/\/www.showtur.com.br\/site\/wp-content\/uploads\/2019\/04\/foto01-214x300.jpg 214w, http:\/\/www.showtur.com.br\/site\/wp-content\/uploads\/2019\/04\/foto01-768x1077.jpg 768w, http:\/\/www.showtur.com.br\/site\/wp-content\/uploads\/2019\/04\/foto01-600x841.jpg 600w, http:\/\/www.showtur.com.br\/site\/wp-content\/uploads\/2019\/04\/foto01.jpg 856w\" sizes=\"(max-width: 730px) 100vw, 730px\" \/>\t\t\t\t\t\t\t\t\t\t\t\t\t\t<\/div>\n\t\t\t\t\t\t<\/div>\n\t\t\t\t<\/div>\n\t\t\t\t\t\t<\/div>\n\t\t\t\t\t<\/div>\n\t\t<\/div>\n\t\t\t\t\t\t\t\t<\/div>\n\t\t\t\t\t<\/div>\n\t\t<\/section>\n\t\t\t\t<section class=\"elementor-section elementor-top-section elementor-element elementor-element-42fa7e4 elementor-section-boxed elementor-section-height-default elementor-section-height-default\" data-id=\"42fa7e4\" data-element_type=\"section\">\n\t\t\t\t\t\t<div class=\"elementor-container elementor-column-gap-default\">\n\t\t\t\t\t\t\t<div class=\"elementor-row\">\n\t\t\t\t\t<div class=\"elementor-column elementor-col-50 elementor-top-column elementor-element elementor-element-263cd24\" data-id=\"263cd24\" data-element_type=\"column\">\n\t\t\t<div class=\"elementor-column-wrap elementor-element-populated\">\n\t\t\t\t\t\t\t<div class=\"elementor-widget-wrap\">\n\t\t\t\t\t\t<div class=\"elementor-element elementor-element-b470ef6 elementor-widget elementor-widget-image\" data-id=\"b470ef6\" data-element_type=\"widget\" data-widget_type=\"image.default\">\n\t\t\t\t<div class=\"elementor-widget-container\">\n\t\t\t\t\t\t\t\t<div class=\"elementor-image\">\n\t\t\t\t\t\t\t\t\t\t\t\t<img decoding=\"async\" width=\"1024\" height=\"683\" src=\"http:\/\/www.showtur.com.br\/site\/wp-content\/uploads\/2019\/04\/foto02-1024x683.jpg\" class=\"attachment-large size-large wp-image-306\" alt=\"\" loading=\"lazy\" srcset=\"http:\/\/www.showtur.com.br\/site\/wp-content\/uploads\/2019\/04\/foto02-1024x683.jpg 1024w, http:\/\/www.showtur.com.br\/site\/wp-content\/uploads\/2019\/04\/foto02-300x200.jpg 300w, http:\/\/www.showtur.com.br\/site\/wp-content\/uploads\/2019\/04\/foto02-768x512.jpg 768w, http:\/\/www.showtur.com.br\/site\/wp-content\/uploads\/2019\/04\/foto02-600x400.jpg 600w, http:\/\/www.showtur.com.br\/site\/wp-content\/uploads\/2019\/04\/foto02.jpg 1200w\" sizes=\"(max-width: 1024px) 100vw, 1024px\" \/>\t\t\t\t\t\t\t\t\t\t\t\t\t\t<\/div>\n\t\t\t\t\t\t<\/div>\n\t\t\t\t<\/div>\n\t\t\t\t\t\t<\/div>\n\t\t\t\t\t<\/div>\n\t\t<\/div>\n\t\t\t\t<div class=\"elementor-column elementor-col-50 elementor-top-column elementor-element elementor-element-47a23a5\" data-id=\"47a23a5\" data-element_type=\"column\">\n\t\t\t<div class=\"elementor-column-wrap elementor-element-populated\">\n\t\t\t\t\t\t\t<div class=\"elementor-widget-wrap\">\n\t\t\t\t\t\t<div class=\"elementor-element elementor-element-f2cf875 elementor-widget elementor-widget-text-editor\" data-id=\"f2cf875\" data-element_type=\"widget\" data-widget_type=\"text-editor.default\">\n\t\t\t\t<div class=\"elementor-widget-container\">\n\t\t\t\t\t\t\t\t<div class=\"elementor-text-editor elementor-clearfix\">\n\t\t\t\t<p style=\"margin-bottom: 10.0pt; line-height: 115%; mso-pagination: none; mso-layout-grid-align: none; text-autospace: none;\"><b><span lang=\"pt\" style=\"font-size: 12.0pt; line-height: 115%; font-family: 'Arial',sans-serif; mso-ansi-language: #0016;\">Planeta Terra<\/span><\/b><\/p><p style=\"margin-bottom: 10.0pt; line-height: 115%; mso-pagination: none; mso-layout-grid-align: none; text-autospace: none;\"><span style=\"font-family: Arial, sans-serif; font-size: 12pt;\">Para entender nosso planeta, nada melhor do que brincar nessa supermaquete! Pulando de continente a continente, no planisf\u00e9rio, fica mais f\u00e1cil lembrar onde todos eles se situam. No Planeta Terra, \u00e9 divertido saber de verdade o que \u00e9 a ilha, cabo, ba\u00eda, pen\u00ednsulas, enseadas, serras e vales. Depois de tomar banho de cachoeira na nascente de um rio e garimpar seu leito at\u00e9 a foz, o grupo se surpreende ao observar um raio de sol batendo um jato de \u00e1gua: e de repente se formou um arco-\u00edris! Logo adiante, um catavento e toda sua energia mostram como a sustentabilidade \u00e9 poss\u00edvel. A mini-hidrel\u00e9trica acende l\u00e2mpadas de verdade! E esse jato de \u00e1gua que sobe t\u00e3o alto? \u00c9 o g\u00eaiser, que vem do fundo da terra com uma press\u00e3o enorme&#8230;Decididamente, o Planeta Terra \u00e9 incr\u00edvel!<\/span><\/p><p style=\"margin-bottom: 10.0pt; line-height: 115%; mso-pagination: none; mso-layout-grid-align: none; text-autospace: none;\"><b style=\"font-style: inherit; font-variant-ligatures: inherit; font-variant-caps: inherit;\"><span lang=\"pt\" style=\"font-size: 12.0pt; line-height: 115%; font-family: 'Arial',sans-serif; mso-ansi-language: #0016;\">Trilha do &#8220;Indiana Jones&#8221;<\/span><\/b><\/p><p style=\"margin-bottom: 10.0pt; line-height: 115%; mso-pagination: none; mso-layout-grid-align: none; text-autospace: none;\"><span style=\"font-family: Arial, sans-serif; font-size: 12pt;\">Logo o grupo percebe que o estudo e aventura sempre podem estar ligados. O maior exemplo disso \u00e9 o personagem Indiana Jones, s\u00edmbolo do arque\u00f3logo e professor que nunca desiste da sua pesquisa! Depois de atravessar o rio e fazer o reconhecimento da mata ciliar, todos passam pela cortina de \u00e1guas de uma cachoeira e acham a passagem secreta da caverna. Agora, o maior desafio \u00e9 descobrir o segredo da sa\u00edda, evitando os t\u00faneis por onde rola uma pedra gigante. Depois de vencer muitos obst\u00e1culos, nada melhor que uma pausa refrescante na grande Cachoeira da Trilha. J\u00e1 refeitos, todos ficam prontos para prosseguir. Quando menos esperam, est\u00e3o descendo velozmente por um tobog\u00e3 de mais de 100 metros, passando por dentro de outra caverna, at\u00e9 ca\u00edrem nas \u00e1guas do rio.<\/span><\/p>\t\t\t\t\t<\/div>\n\t\t\t\t\t\t<\/div>\n\t\t\t\t<\/div>\n\t\t\t\t\t\t<\/div>\n\t\t\t\t\t<\/div>\n\t\t<\/div>\n\t\t\t\t\t\t\t\t<\/div>\n\t\t\t\t\t<\/div>\n\t\t<\/section>\n\t\t\t\t<section class=\"elementor-section elementor-top-section elementor-element elementor-element-b1f5890 elementor-section-boxed elementor-section-height-default elementor-section-height-default\" data-id=\"b1f5890\" data-element_type=\"section\">\n\t\t\t\t\t\t<div class=\"elementor-container elementor-column-gap-default\">\n\t\t\t\t\t\t\t<div class=\"elementor-row\">\n\t\t\t\t\t<div class=\"elementor-column elementor-col-50 elementor-top-column elementor-element elementor-element-656a720\" data-id=\"656a720\" data-element_type=\"column\">\n\t\t\t<div class=\"elementor-column-wrap elementor-element-populated\">\n\t\t\t\t\t\t\t<div class=\"elementor-widget-wrap\">\n\t\t\t\t\t\t<div class=\"elementor-element elementor-element-607fc4c elementor-widget elementor-widget-text-editor\" data-id=\"607fc4c\" data-element_type=\"widget\" data-widget_type=\"text-editor.default\">\n\t\t\t\t<div class=\"elementor-widget-container\">\n\t\t\t\t\t\t\t\t<div class=\"elementor-text-editor elementor-clearfix\">\n\t\t\t\t<p>C<b style=\"font-style: inherit; font-variant-ligatures: inherit; font-variant-caps: inherit;\"><span lang=\"pt\" style=\"font-size: 12.0pt; line-height: 115%; font-family: 'Arial',sans-serif; mso-ansi-language: #0016;\">Baby Zoo\/ Telef\u00e9rico<\/span><\/b><\/p><p class=\"MsoNormal\" style=\"margin-bottom: 10.0pt; line-height: 115%; mso-pagination: none; mso-layout-grid-align: none; text-autospace: none;\"><span lang=\"pt\" style=\"font-size: 12.0pt; line-height: 115%; font-family: 'Arial',sans-serif; mso-ansi-language: #0016;\">Com seu monjolo que bate ao ritmo da \u00e1gua e seus belos animais de cria\u00e7\u00e3o, a Fazendinha atrai olhares curiosos. Todos querem saber como vive o homem do campo, de que se alimenta e quais sao suas tarefas cotidianas. Logo ali, no Baby Zoo, \u00e9 hora de cuidar dos filhotes e acariciar os coelhos, o bezerro, o p\u00f4nei, as lhamas e at\u00e9 uma linda arara canind\u00e9. Mais adiante, o grupo faz uma incr\u00edvel descoberta ao entrar em uma caverna: ela est\u00e1 cheia de desenhos enigm\u00e1ticos. S\u00e3o pinturas rupestres! Como que por encanto, eles viajam para aquela \u00e9poca e conhecem o homem pr\u00e9-hist\u00f3rico que desenhou ali, em detalhes, toda a sua hist\u00f3ria. Prontos para novas aventuras, deslizam pelo telef\u00e9rico at\u00e9 a Cabana do Tarz\u00e3.<\/span><\/p><p class=\"MsoNormal\" style=\"margin-bottom: 10.0pt; line-height: 115%; mso-pagination: none; mso-layout-grid-align: none; text-autospace: none;\"><b><span lang=\"pt\" style=\"font-size: 12.0pt; line-height: 115%; font-family: 'Arial',sans-serif; mso-ansi-language: #0016;\">N\u00e1utico<\/span><\/b><\/p><p class=\"MsoNormal\" style=\"margin-bottom: 10.0pt; line-height: 115%; mso-pagination: none; mso-layout-grid-align: none; text-autospace: none;\"><span lang=\"pt\" style=\"font-size: 12.0pt; line-height: 115%; font-family: 'Arial',sans-serif; mso-ansi-language: #0016;\">&#8220;Terra \u00e0 vista!&#8221; gritam os tripulantes. Agora eles est\u00e3o a bordo de uma r\u00e9plica da caravela Nina, sentindo a mesma emo\u00e7\u00e3o de Colombo ao descobrir o Novo Mundo. Olhando a paisagem e passeando de Calypso, de repente as \u00e1guas da lagoa se transformam em um mar sem fim! Seguindo a trilha do rio se deparam com a mini-eclusa, ondem aprendem sua manipula\u00e7\u00e3o e funcionamento. Ent\u00e3o, \u00e9 como se essa incr\u00edvel obra de engenharia hidr\u00e1ulica abrisse as comportas do conhecimento e mostrasse como as embarca\u00e7\u00f5es podem subir ou descer os rios, desafiando barragens, quedas de \u00e1guas e corredeiras.<\/span><\/p>\t\t\t\t\t<\/div>\n\t\t\t\t\t\t<\/div>\n\t\t\t\t<\/div>\n\t\t\t\t\t\t<\/div>\n\t\t\t\t\t<\/div>\n\t\t<\/div>\n\t\t\t\t<div class=\"elementor-column elementor-col-50 elementor-top-column elementor-element elementor-element-54ae498\" data-id=\"54ae498\" data-element_type=\"column\">\n\t\t\t<div class=\"elementor-column-wrap elementor-element-populated\">\n\t\t\t\t\t\t\t<div class=\"elementor-widget-wrap\">\n\t\t\t\t\t\t<div class=\"elementor-element elementor-element-3a691fb elementor-widget elementor-widget-image\" data-id=\"3a691fb\" data-element_type=\"widget\" data-widget_type=\"image.default\">\n\t\t\t\t<div class=\"elementor-widget-container\">\n\t\t\t\t\t\t\t\t<div class=\"elementor-image\">\n\t\t\t\t\t\t\t\t\t\t\t\t<img decoding=\"async\" width=\"1024\" height=\"528\" src=\"http:\/\/www.showtur.com.br\/site\/wp-content\/uploads\/2019\/04\/foto05-1024x528.jpg\" class=\"attachment-large size-large wp-image-309\" alt=\"\" loading=\"lazy\" srcset=\"http:\/\/www.showtur.com.br\/site\/wp-content\/uploads\/2019\/04\/foto05-1024x528.jpg 1024w, http:\/\/www.showtur.com.br\/site\/wp-content\/uploads\/2019\/04\/foto05-300x155.jpg 300w, http:\/\/www.showtur.com.br\/site\/wp-content\/uploads\/2019\/04\/foto05-768x396.jpg 768w, http:\/\/www.showtur.com.br\/site\/wp-content\/uploads\/2019\/04\/foto05-600x309.jpg 600w, http:\/\/www.showtur.com.br\/site\/wp-content\/uploads\/2019\/04\/foto05.jpg 1551w\" sizes=\"(max-width: 1024px) 100vw, 1024px\" \/>\t\t\t\t\t\t\t\t\t\t\t\t\t\t<\/div>\n\t\t\t\t\t\t<\/div>\n\t\t\t\t<\/div>\n\t\t\t\t\t\t<\/div>\n\t\t\t\t\t<\/div>\n\t\t<\/div>\n\t\t\t\t\t\t\t\t<\/div>\n\t\t\t\t\t<\/div>\n\t\t<\/section>\n\t\t\t\t<section class=\"elementor-section elementor-top-section elementor-element elementor-element-0318ddf elementor-section-boxed elementor-section-height-default elementor-section-height-default\" data-id=\"0318ddf\" data-element_type=\"section\">\n\t\t\t\t\t\t<div class=\"elementor-container elementor-column-gap-default\">\n\t\t\t\t\t\t\t<div class=\"elementor-row\">\n\t\t\t\t\t<div class=\"elementor-column elementor-col-50 elementor-top-column elementor-element elementor-element-c189f03\" data-id=\"c189f03\" data-element_type=\"column\">\n\t\t\t<div class=\"elementor-column-wrap elementor-element-populated\">\n\t\t\t\t\t\t\t<div class=\"elementor-widget-wrap\">\n\t\t\t\t\t\t<div class=\"elementor-element elementor-element-6db2c0a elementor-widget elementor-widget-image\" data-id=\"6db2c0a\" data-element_type=\"widget\" data-widget_type=\"image.default\">\n\t\t\t\t<div class=\"elementor-widget-container\">\n\t\t\t\t\t\t\t\t<div class=\"elementor-image\">\n\t\t\t\t\t\t\t\t\t\t\t\t<img decoding=\"async\" width=\"1024\" height=\"683\" src=\"http:\/\/www.showtur.com.br\/site\/wp-content\/uploads\/2019\/04\/foto03-1024x683.jpg\" class=\"attachment-large size-large wp-image-307\" alt=\"\" loading=\"lazy\" srcset=\"http:\/\/www.showtur.com.br\/site\/wp-content\/uploads\/2019\/04\/foto03-1024x683.jpg 1024w, http:\/\/www.showtur.com.br\/site\/wp-content\/uploads\/2019\/04\/foto03-300x200.jpg 300w, http:\/\/www.showtur.com.br\/site\/wp-content\/uploads\/2019\/04\/foto03-768x512.jpg 768w, http:\/\/www.showtur.com.br\/site\/wp-content\/uploads\/2019\/04\/foto03-600x400.jpg 600w, http:\/\/www.showtur.com.br\/site\/wp-content\/uploads\/2019\/04\/foto03.jpg 1200w\" sizes=\"(max-width: 1024px) 100vw, 1024px\" \/>\t\t\t\t\t\t\t\t\t\t\t\t\t\t<\/div>\n\t\t\t\t\t\t<\/div>\n\t\t\t\t<\/div>\n\t\t\t\t\t\t<\/div>\n\t\t\t\t\t<\/div>\n\t\t<\/div>\n\t\t\t\t<div class=\"elementor-column elementor-col-50 elementor-top-column elementor-element elementor-element-3a3ffb3\" data-id=\"3a3ffb3\" data-element_type=\"column\">\n\t\t\t<div class=\"elementor-column-wrap elementor-element-populated\">\n\t\t\t\t\t\t\t<div class=\"elementor-widget-wrap\">\n\t\t\t\t\t\t<div class=\"elementor-element elementor-element-8922b6f elementor-widget elementor-widget-text-editor\" data-id=\"8922b6f\" data-element_type=\"widget\" data-widget_type=\"text-editor.default\">\n\t\t\t\t<div class=\"elementor-widget-container\">\n\t\t\t\t\t\t\t\t<div class=\"elementor-text-editor elementor-clearfix\">\n\t\t\t\t<p class=\"MsoNormal\" style=\"margin-bottom: 10.0pt; line-height: 115%; mso-pagination: none; mso-layout-grid-align: none; text-autospace: none;\"><b><span lang=\"pt\" style=\"font-size: 12.0pt; line-height: 115%; font-family: 'Arial',sans-serif; mso-ansi-language: #0016;\">Jogos educativos<\/span><\/b><\/p><p class=\"MsoNormal\" style=\"margin-bottom: 10.0pt; line-height: 115%; mso-pagination: none; mso-layout-grid-align: none; text-autospace: none;\"><span lang=\"pt\" style=\"font-size: 12.0pt; line-height: 115%; font-family: 'Arial',sans-serif; mso-ansi-language: #0016;\">No palco ou no sal\u00e3o de jogos, na sala de aula e na vida, a meta \u00e9 seguir regras, trabalhar em conjunto, vencer obst\u00e1culos e aproveitar ao m\u00e1ximo todas as oportunidades. Por isso o jogo faz t\u00e3o bem! \u00c9 que a sensa\u00e7\u00e3o de pertencimento vale muito: \u00e9 muito bom sentir que fazemos parte de uma equipe. Melhor ainda quando percebemos que as regras propostas s\u00e3o democraticamente aplicadas a todos. Jogando, aprendemos a conter nossa ansiedade e superamos nossas limita\u00e7\u00f5es. Em equipe, somos mais solid\u00e1rios e tomamos decis\u00f5es rapidamente. A maior aprendizagem \u00e9 saber que uma hora a gente perde e outra hora a gente ganha &#8211; mas o que importa realmente \u00e9 estar no jogo e saber jogar.<\/span><\/p><p class=\"MsoNormal\" style=\"margin-bottom: 10.0pt; line-height: 115%; mso-pagination: none; mso-layout-grid-align: none; text-autospace: none;\"><b><span lang=\"pt\" style=\"font-size: 12.0pt; line-height: 115%; font-family: 'Arial',sans-serif; mso-ansi-language: #0016;\">Sociabiliza\u00e7\u00e3o<\/span><\/b><\/p><p>\u00a0<\/p><p class=\"MsoNormal\" style=\"margin-bottom: 10.0pt; line-height: 115%; mso-pagination: none; mso-layout-grid-align: none; text-autospace: none;\"><span lang=\"pt\" style=\"font-size: 12.0pt; line-height: 115%; font-family: 'Arial',sans-serif; mso-ansi-language: #0016;\">No S\u00edtio do Carro\u00e7\u00e3o a divers\u00e3o \u00e9 planejada para criar momentos de sociabiliza\u00e7\u00e3o e alcan\u00e7ar os objetivos pedag\u00f3gicos de desenvolvimento e controle motor, agilidade, rapidez, disciplina e aten\u00e7\u00e3o \u00e0s regras. A ordem \u00e9 se divertir pra valer! Assim, professores e alunos se conhecem melhor, enriquecendo a aprendizagem. H\u00e1 quem prefira jogar v\u00f4lei ou futebol, nadar na piscina ou na Lagoa Central, sempre sob os olhos atentos dos professores, ou testar suas habilidades no futgolf, uma cria\u00e7\u00e3o do S\u00edtio do Carro\u00e7\u00e3o. J\u00e1 quem gosta de altura pode praticar arvorismo na Trilha do Quatipuru. E \u00e0 noite, depois dos jogos multim\u00eddia, a Discoteca \u00e9 o cen\u00e1rio certo para ensinar ou aprender novos jeitos de dan\u00e7ar.<\/span><\/p>\t\t\t\t\t<\/div>\n\t\t\t\t\t\t<\/div>\n\t\t\t\t<\/div>\n\t\t\t\t\t\t<\/div>\n\t\t\t\t\t<\/div>\n\t\t<\/div>\n\t\t\t\t\t\t\t\t<\/div>\n\t\t\t\t\t<\/div>\n\t\t<\/section>\n\t\t\t\t\t\t\t\t\t<\/div>\n\t\t\t<\/div>\n\t\t\t\t\t<\/div>\n\t\t","protected":false},"excerpt":{"rendered":"<p>Bio Planeta A vida no planeta tem muitos detalhes fascinantes. Todos v\u00e3o se surpreender com as explica\u00e7\u00f5es de um cientista maluco que conta tudo de um<span class=\"excerpt-hellip\"> [\u2026]<\/span><\/p>\n","protected":false},"author":1,"featured_media":0,"parent":0,"menu_order":0,"comment_status":"closed","ping_status":"closed","template":"","meta":[],"_links":{"self":[{"href":"http:\/\/www.showtur.com.br\/site\/wp-json\/wp\/v2\/pages\/299"}],"collection":[{"href":"http:\/\/www.showtur.com.br\/site\/wp-json\/wp\/v2\/pages"}],"about":[{"href":"http:\/\/www.showtur.com.br\/site\/wp-json\/wp\/v2\/types\/page"}],"author":[{"embeddable":true,"href":"http:\/\/www.showtur.com.br\/site\/wp-json\/wp\/v2\/users\/1"}],"replies":[{"embeddable":true,"href":"http:\/\/www.showtur.com.br\/site\/wp-json\/wp\/v2\/comments?post=299"}],"version-history":[{"count":2,"href":"http:\/\/www.showtur.com.br\/site\/wp-json\/wp\/v2\/pages\/299\/revisions"}],"predecessor-version":[{"id":310,"href":"http:\/\/www.showtur.com.br\/site\/wp-json\/wp\/v2\/pages\/299\/revisions\/310"}],"wp:attachment":[{"href":"http:\/\/www.showtur.com.br\/site\/wp-json\/wp\/v2\/media?parent=299"}],"curies":[{"name":"wp","href":"https:\/\/api.w.org\/{rel}","templated":true}]}}