{"id":282,"date":"2019-04-30T04:25:56","date_gmt":"2019-04-30T07:25:56","guid":{"rendered":"http:\/\/www.showtur.com.br\/site\/?page_id=282"},"modified":"2019-04-30T04:37:18","modified_gmt":"2019-04-30T07:37:18","slug":"nr-2","status":"publish","type":"page","link":"http:\/\/www.showtur.com.br\/site\/nr-2\/","title":{"rendered":"NR 2"},"content":{"rendered":"\t\t<div data-elementor-type=\"wp-post\" data-elementor-id=\"282\" class=\"elementor elementor-282\">\n\t\t\t\t\t\t<div class=\"elementor-inner\">\n\t\t\t\t<div class=\"elementor-section-wrap\">\n\t\t\t\t\t\t\t\t\t<section class=\"elementor-section elementor-top-section elementor-element elementor-element-d3e30f8 elementor-section-boxed elementor-section-height-default elementor-section-height-default\" data-id=\"d3e30f8\" data-element_type=\"section\">\n\t\t\t\t\t\t<div class=\"elementor-container elementor-column-gap-default\">\n\t\t\t\t\t\t\t<div class=\"elementor-row\">\n\t\t\t\t\t<div class=\"elementor-column elementor-col-50 elementor-top-column elementor-element elementor-element-66c4ef3\" data-id=\"66c4ef3\" data-element_type=\"column\">\n\t\t\t<div class=\"elementor-column-wrap elementor-element-populated\">\n\t\t\t\t\t\t\t<div class=\"elementor-widget-wrap\">\n\t\t\t\t\t\t<div class=\"elementor-element elementor-element-55adf1e elementor-widget elementor-widget-image\" data-id=\"55adf1e\" data-element_type=\"widget\" data-widget_type=\"image.default\">\n\t\t\t\t<div class=\"elementor-widget-container\">\n\t\t\t\t\t\t\t\t<div class=\"elementor-image\">\n\t\t\t\t\t\t\t\t\t\t\t\t<img decoding=\"async\" width=\"1024\" height=\"683\" src=\"http:\/\/www.showtur.com.br\/site\/wp-content\/uploads\/2019\/04\/30418022022_a601fc140f_h-1024x683.jpg\" class=\"attachment-large size-large wp-image-288\" alt=\"\" loading=\"lazy\" srcset=\"http:\/\/www.showtur.com.br\/site\/wp-content\/uploads\/2019\/04\/30418022022_a601fc140f_h-1024x683.jpg 1024w, http:\/\/www.showtur.com.br\/site\/wp-content\/uploads\/2019\/04\/30418022022_a601fc140f_h-300x200.jpg 300w, http:\/\/www.showtur.com.br\/site\/wp-content\/uploads\/2019\/04\/30418022022_a601fc140f_h-768x512.jpg 768w, http:\/\/www.showtur.com.br\/site\/wp-content\/uploads\/2019\/04\/30418022022_a601fc140f_h-600x400.jpg 600w, http:\/\/www.showtur.com.br\/site\/wp-content\/uploads\/2019\/04\/30418022022_a601fc140f_h.jpg 1600w\" sizes=\"(max-width: 1024px) 100vw, 1024px\" \/>\t\t\t\t\t\t\t\t\t\t\t\t\t\t<\/div>\n\t\t\t\t\t\t<\/div>\n\t\t\t\t<\/div>\n\t\t\t\t\t\t<\/div>\n\t\t\t\t\t<\/div>\n\t\t<\/div>\n\t\t\t\t<div class=\"elementor-column elementor-col-50 elementor-top-column elementor-element elementor-element-71d34d0\" data-id=\"71d34d0\" data-element_type=\"column\">\n\t\t\t<div class=\"elementor-column-wrap elementor-element-populated\">\n\t\t\t\t\t\t\t<div class=\"elementor-widget-wrap\">\n\t\t\t\t\t\t<div class=\"elementor-element elementor-element-d1943fb elementor-widget elementor-widget-text-editor\" data-id=\"d1943fb\" data-element_type=\"widget\" data-widget_type=\"text-editor.default\">\n\t\t\t\t<div class=\"elementor-widget-container\">\n\t\t\t\t\t\t\t\t<div class=\"elementor-text-editor elementor-clearfix\">\n\t\t\t\t<p style=\"margin-top: 10px; margin-bottom: 10px; font-family: Sintony, sans-serif; font-size: 14px; color: #373838; clear: both; font-style: normal; font-variant-ligatures: normal; font-variant-caps: normal; line-height: 21px;\">A\u00a0<strong style=\"margin-right: auto; margin-left: auto;\">unidade NR2<\/strong>\u00a0est\u00e1 localizada em Sapuca\u00ed-Mirim\/MG \u2013 Pr\u00f3ximo a Campos do Jord\u00e3o\/SP, Santo Ant\u00f4nio do Pinhal\/SP e S\u00e3o Bento do Sapuca\u00ed\/SP. Sua infraestrutura chama aten\u00e7\u00e3o pelos detalhes e grandiosidade. O NR2 \u00e9 um local \u00fanico e recebe diferentes eventos durante o ano todo. Entre eles est\u00e3o os\u00a0<strong style=\"margin-right: auto; margin-left: auto;\"><a style=\"margin-right: auto; margin-left: auto;\" href=\"http:\/\/nr.com.br\/nr-esportes\" target=\"_blank\" rel=\"noopener\">Torneios Esportivos<\/a><\/strong>,\u00a0<strong style=\"margin-right: auto; margin-left: auto;\"><a style=\"margin-right: auto; margin-left: auto;\" href=\"http:\/\/nr.com.br\/nr-acampamento-escolar\/nr-classico\" target=\"_blank\" rel=\"noopener\">NR Cl\u00e1ssico<\/a><\/strong>,\u00a0<strong style=\"margin-right: auto; margin-left: auto;\"><a style=\"margin-right: auto; margin-left: auto;\" href=\"http:\/\/nr.com.br\/nr-acampamento-escolar\/nr-english-action\" target=\"_blank\" rel=\"noopener\">English &amp; Action<\/a><\/strong>,\u00a0<strong style=\"margin-right: auto; margin-left: auto;\"><a style=\"margin-right: auto; margin-left: auto;\" href=\"http:\/\/nr.com.br\/nr-acampamento-escolar\/nr-prolider\" target=\"_blank\" rel=\"noopener\">NR Prol\u00edder<\/a><\/strong>\u00a0e o\u00a0<strong style=\"margin-right: auto; margin-left: auto;\"><a style=\"margin-right: auto; margin-left: auto;\" href=\"http:\/\/nr.com.br\/nr-viagem-de-formatura\/nr-fun\" target=\"_blank\" rel=\"noopener\">NR Fun<\/a><\/strong>\u00a0para alunos de 9\u00ba ano.<\/p><p style=\"margin-top: 10px; margin-bottom: 10px; font-family: Sintony, sans-serif; font-size: 14px; color: #373838; clear: both; font-style: normal; font-variant-ligatures: normal; font-variant-caps: normal; line-height: 21px;\"><span style=\"font-family: Arial; font-size: 14px; font-style: normal; font-variant-ligatures: normal; font-variant-caps: normal; font-weight: 300;\">Nas f\u00e9rias escolares atende com uma programa\u00e7\u00e3o diferenciada e direcionada a promover o contato com a natureza e a amizade\u00a0<\/span><span style=\"font-family: Arial; font-size: 14px; font-style: normal; font-variant-ligatures: normal; font-variant-caps: normal; font-weight: 300;\">entre os acampantes.<\/span><\/p><p style=\"margin-top: 10px; margin-bottom: 10px; font-family: Sintony, sans-serif; font-size: 14px; color: #373838; clear: both; font-style: normal; font-variant-ligatures: normal; font-variant-caps: normal; line-height: 21px;\"><span style=\"font-family: Arial; font-size: 14px; font-style: normal; font-variant-ligatures: normal; font-variant-caps: normal; font-weight: 300;\">Seu espa\u00e7o oferece diversas op\u00e7\u00f5es de lazer, como: cama el\u00e1stica, cavalos, sal\u00f5es de jogos, tirolesa, piscinas, tobog\u00e3 com 100m de extens\u00e3o, lagos, caiaques, Hover Board, parede de escalada, campos de futebol gramados, quadras poliesportivas.<\/span><\/p><p style=\"margin-top: 10px; margin-bottom: 10px; font-family: Sintony, sans-serif; font-size: 14px; color: #373838; clear: both; font-style: normal; font-variant-ligatures: normal; font-variant-caps: normal; line-height: 21px;\"><span style=\"font-family: Arial; font-size: 14px; font-style: normal; font-variant-ligatures: normal; font-variant-caps: normal; font-weight: 300;\">Faz parte desta estrutura um lindo restaurante, pizzaria, enfermaria e todo o conforto que faz de uma viagem ao NR ser inesquec\u00edvel.<\/span><\/p>\t\t\t\t\t<\/div>\n\t\t\t\t\t\t<\/div>\n\t\t\t\t<\/div>\n\t\t\t\t\t\t<\/div>\n\t\t\t\t\t<\/div>\n\t\t<\/div>\n\t\t\t\t\t\t\t\t<\/div>\n\t\t\t\t\t<\/div>\n\t\t<\/section>\n\t\t\t\t<section class=\"elementor-section elementor-top-section elementor-element elementor-element-b9f9530 elementor-section-boxed elementor-section-height-default elementor-section-height-default\" data-id=\"b9f9530\" data-element_type=\"section\">\n\t\t\t\t\t\t<div class=\"elementor-container elementor-column-gap-default\">\n\t\t\t\t\t\t\t<div class=\"elementor-row\">\n\t\t\t\t\t<div class=\"elementor-column elementor-col-100 elementor-top-column elementor-element elementor-element-7911b50\" data-id=\"7911b50\" data-element_type=\"column\">\n\t\t\t<div class=\"elementor-column-wrap elementor-element-populated\">\n\t\t\t\t\t\t\t<div class=\"elementor-widget-wrap\">\n\t\t\t\t\t\t<div class=\"elementor-element elementor-element-c345ac0 elementor-aspect-ratio-169 elementor-widget elementor-widget-video\" data-id=\"c345ac0\" data-element_type=\"widget\" data-settings=\"{&quot;youtube_url&quot;:&quot;https:\\\/\\\/www.youtube.com\\\/watch?v=0Gi6WN5W_SI&quot;,&quot;video_type&quot;:&quot;youtube&quot;,&quot;controls&quot;:&quot;yes&quot;,&quot;aspect_ratio&quot;:&quot;169&quot;}\" data-widget_type=\"video.default\">\n\t\t\t\t<div class=\"elementor-widget-container\">\n\t\t\t\t\t<div class=\"elementor-wrapper elementor-fit-aspect-ratio elementor-open-inline\">\n\t\t\t<div class=\"elementor-video\"><\/div>\t\t<\/div>\n\t\t\t\t<\/div>\n\t\t\t\t<\/div>\n\t\t\t\t\t\t<\/div>\n\t\t\t\t\t<\/div>\n\t\t<\/div>\n\t\t\t\t\t\t\t\t<\/div>\n\t\t\t\t\t<\/div>\n\t\t<\/section>\n\t\t\t\t\t\t\t\t\t<\/div>\n\t\t\t<\/div>\n\t\t\t\t\t<\/div>\n\t\t","protected":false},"excerpt":{"rendered":"<p>A\u00a0unidade NR2\u00a0est\u00e1 localizada em Sapuca\u00ed-Mirim\/MG \u2013 Pr\u00f3ximo a Campos do Jord\u00e3o\/SP, Santo Ant\u00f4nio do Pinhal\/SP e S\u00e3o Bento do Sapuca\u00ed\/SP. Sua infraestrutura chama aten\u00e7\u00e3o pelos detalhes<span class=\"excerpt-hellip\"> [\u2026]<\/span><\/p>\n","protected":false},"author":1,"featured_media":0,"parent":0,"menu_order":0,"comment_status":"closed","ping_status":"closed","template":"","meta":[],"_links":{"self":[{"href":"http:\/\/www.showtur.com.br\/site\/wp-json\/wp\/v2\/pages\/282"}],"collection":[{"href":"http:\/\/www.showtur.com.br\/site\/wp-json\/wp\/v2\/pages"}],"about":[{"href":"http:\/\/www.showtur.com.br\/site\/wp-json\/wp\/v2\/types\/page"}],"author":[{"embeddable":true,"href":"http:\/\/www.showtur.com.br\/site\/wp-json\/wp\/v2\/users\/1"}],"replies":[{"embeddable":true,"href":"http:\/\/www.showtur.com.br\/site\/wp-json\/wp\/v2\/comments?post=282"}],"version-history":[{"count":3,"href":"http:\/\/www.showtur.com.br\/site\/wp-json\/wp\/v2\/pages\/282\/revisions"}],"predecessor-version":[{"id":349,"href":"http:\/\/www.showtur.com.br\/site\/wp-json\/wp\/v2\/pages\/282\/revisions\/349"}],"wp:attachment":[{"href":"http:\/\/www.showtur.com.br\/site\/wp-json\/wp\/v2\/media?parent=282"}],"curies":[{"name":"wp","href":"https:\/\/api.w.org\/{rel}","templated":true}]}}