{"id":280,"date":"2019-04-30T04:25:03","date_gmt":"2019-04-30T07:25:03","guid":{"rendered":"http:\/\/www.showtur.com.br\/site\/?page_id=280"},"modified":"2019-05-13T08:49:13","modified_gmt":"2019-05-13T11:49:13","slug":"nr-1","status":"publish","type":"page","link":"http:\/\/www.showtur.com.br\/site\/nr-1\/","title":{"rendered":"NR 1"},"content":{"rendered":"\t\t<div data-elementor-type=\"wp-post\" data-elementor-id=\"280\" class=\"elementor elementor-280\">\n\t\t\t\t\t\t<div class=\"elementor-inner\">\n\t\t\t\t<div class=\"elementor-section-wrap\">\n\t\t\t\t\t\t\t\t\t<section class=\"elementor-section elementor-top-section elementor-element elementor-element-e234487 elementor-section-boxed elementor-section-height-default elementor-section-height-default\" data-id=\"e234487\" data-element_type=\"section\">\n\t\t\t\t\t\t<div class=\"elementor-container elementor-column-gap-default\">\n\t\t\t\t\t\t\t<div class=\"elementor-row\">\n\t\t\t\t\t<div class=\"elementor-column elementor-col-50 elementor-top-column elementor-element elementor-element-dc96d37\" data-id=\"dc96d37\" data-element_type=\"column\">\n\t\t\t<div class=\"elementor-column-wrap elementor-element-populated\">\n\t\t\t\t\t\t\t<div class=\"elementor-widget-wrap\">\n\t\t\t\t\t\t<div class=\"elementor-element elementor-element-f84bbbb elementor-widget elementor-widget-image\" data-id=\"f84bbbb\" data-element_type=\"widget\" data-widget_type=\"image.default\">\n\t\t\t\t<div class=\"elementor-widget-container\">\n\t\t\t\t\t\t\t\t<div class=\"elementor-image\">\n\t\t\t\t\t\t\t\t\t\t\t\t<img decoding=\"async\" width=\"639\" height=\"446\" src=\"http:\/\/www.showtur.com.br\/site\/wp-content\/uploads\/2019\/04\/30236464100_6c5ab9e990_z.jpg\" class=\"attachment-large size-large wp-image-289\" alt=\"\" loading=\"lazy\" srcset=\"http:\/\/www.showtur.com.br\/site\/wp-content\/uploads\/2019\/04\/30236464100_6c5ab9e990_z.jpg 639w, http:\/\/www.showtur.com.br\/site\/wp-content\/uploads\/2019\/04\/30236464100_6c5ab9e990_z-300x209.jpg 300w, http:\/\/www.showtur.com.br\/site\/wp-content\/uploads\/2019\/04\/30236464100_6c5ab9e990_z-600x419.jpg 600w\" sizes=\"(max-width: 639px) 100vw, 639px\" \/>\t\t\t\t\t\t\t\t\t\t\t\t\t\t<\/div>\n\t\t\t\t\t\t<\/div>\n\t\t\t\t<\/div>\n\t\t\t\t\t\t<\/div>\n\t\t\t\t\t<\/div>\n\t\t<\/div>\n\t\t\t\t<div class=\"elementor-column elementor-col-50 elementor-top-column elementor-element elementor-element-07da034\" data-id=\"07da034\" data-element_type=\"column\">\n\t\t\t<div class=\"elementor-column-wrap elementor-element-populated\">\n\t\t\t\t\t\t\t<div class=\"elementor-widget-wrap\">\n\t\t\t\t\t\t<div class=\"elementor-element elementor-element-b84b04b elementor-widget elementor-widget-text-editor\" data-id=\"b84b04b\" data-element_type=\"widget\" data-widget_type=\"text-editor.default\">\n\t\t\t\t<div class=\"elementor-widget-container\">\n\t\t\t\t\t\t\t\t<div class=\"elementor-text-editor elementor-clearfix\">\n\t\t\t\t<p><span style=\"color: #373838; font-family: Sintony, sans-serif; font-size: 14px; font-style: normal; font-variant-ligatures: normal; font-variant-caps: normal; font-weight: 400;\">A\u00a0<\/span><strong style=\"margin-right: auto; margin-left: auto; color: #373838; font-family: Sintony, sans-serif; font-size: 14px; font-style: normal; font-variant-ligatures: normal; font-variant-caps: normal;\">unidade NR1<\/strong><span style=\"color: #373838; font-family: Sintony, sans-serif; font-size: 14px; font-style: normal; font-variant-ligatures: normal; font-variant-caps: normal; font-weight: 400;\">\u00a0est\u00e1 localizada na cidade de Sapuca\u00ed-Mirim\/MG \u2013 Pr\u00f3ximo a Campos do Jord\u00e3o\/SP, Santo Ant\u00f4nio do Pinhal\/SP e S\u00e3o Bento do Sapuca\u00ed\/SP. Em seus 20 alqueires encontra-se o verde das montanhas da Serra da Mantiqueira. Com uma infraestrutura vasta de op\u00e7\u00f5es de lazer e entretenimento, o local abriga o maior Zool\u00f3gico de R\u00e9pteis particular do Brasil, o\u00a0<\/span><a style=\"margin-right: auto; margin-left: auto; font-family: Sintony, sans-serif; font-size: 14px; font-style: normal; font-variant-ligatures: normal; font-variant-caps: normal; font-weight: 400;\" href=\"http:\/\/nr.com.br\/nr-acampamento-escolar\/nr-zoo\" target=\"_blank\" rel=\"noopener\">NR Zoo<\/a><span style=\"color: #373838; font-family: Sintony, sans-serif; font-size: 14px; font-style: normal; font-variant-ligatures: normal; font-variant-caps: normal; font-weight: 400;\">, viabilizando a realiza\u00e7\u00e3o de programas de estudo do meio.<\/span><\/p><p><span style=\"color: #373838; font-family: Sintony, sans-serif; font-size: 14px; font-style: normal; font-variant-ligatures: normal; font-variant-caps: normal; font-weight: 400;\">O NR1 recebe durante o ano diversos eventos escolares, cada um com um objetivo diferente de trabalho e est\u00edmulo aos alunos. Entre eles est\u00e3o o\u00a0<\/span><strong style=\"margin-right: auto; margin-left: auto; color: #373838; font-family: Sintony, sans-serif; font-size: 14px; font-style: normal; font-variant-ligatures: normal; font-variant-caps: normal;\"><a style=\"margin-right: auto; margin-left: auto;\" href=\"http:\/\/nr.com.br\/nr-acampamento-escolar\/nr-classico\" target=\"_blank\" rel=\"noopener\">NR Cl\u00e1ssico<\/a><\/strong><span style=\"color: #373838; font-family: Sintony, sans-serif; font-size: 14px; font-style: normal; font-variant-ligatures: normal; font-variant-caps: normal; font-weight: 400;\">,\u00a0<\/span><strong style=\"margin-right: auto; margin-left: auto; color: #373838; font-family: Sintony, sans-serif; font-size: 14px; font-style: normal; font-variant-ligatures: normal; font-variant-caps: normal;\"><a style=\"margin-right: auto; margin-left: auto;\" href=\"http:\/\/nr.com.br\/nr-acampamento-escolar\/nr-english-action\" target=\"_blank\" rel=\"noopener\">English &amp; Action<\/a><\/strong><span style=\"color: #373838; font-family: Sintony, sans-serif; font-size: 14px; font-style: normal; font-variant-ligatures: normal; font-variant-caps: normal; font-weight: 400;\">,\u00a0<\/span><strong style=\"margin-right: auto; margin-left: auto; color: #373838; font-family: Sintony, sans-serif; font-size: 14px; font-style: normal; font-variant-ligatures: normal; font-variant-caps: normal;\"><a style=\"margin-right: auto; margin-left: auto;\" href=\"http:\/\/nr.com.br\/nr-acampamento-escolar\/nr-prolider\" target=\"_blank\" rel=\"noopener\">NR Prol\u00edder<\/a><\/strong><span style=\"color: #373838; font-family: Sintony, sans-serif; font-size: 14px; font-style: normal; font-variant-ligatures: normal; font-variant-caps: normal; font-weight: 400;\">,\u00a0<\/span><strong style=\"margin-right: auto; margin-left: auto; color: #373838; font-family: Sintony, sans-serif; font-size: 14px; font-style: normal; font-variant-ligatures: normal; font-variant-caps: normal;\"><a style=\"margin-right: auto; margin-left: auto;\" href=\"http:\/\/nr.com.br\/nr-acampamento-escolar\/nr-ola-6-ano\" target=\"_blank\" rel=\"noopener\">Ol\u00e1 6\u00ba ano!<\/a><\/strong><span style=\"color: #373838; font-family: Sintony, sans-serif; font-size: 14px; font-style: normal; font-variant-ligatures: normal; font-variant-caps: normal; font-weight: 400;\">\u00a0e o\u00a0<\/span><strong style=\"margin-right: auto; margin-left: auto; color: #373838; font-family: Sintony, sans-serif; font-size: 14px; font-style: normal; font-variant-ligatures: normal; font-variant-caps: normal;\"><a style=\"margin-right: auto; margin-left: auto;\" href=\"http:\/\/nr.com.br\/nr-viagem-de-formatura\/nr-sun\" target=\"_blank\" rel=\"noopener\">NR Sun<\/a><\/strong><span style=\"color: #373838; font-family: Sintony, sans-serif; font-size: 14px; font-style: normal; font-variant-ligatures: normal; font-variant-caps: normal; font-weight: 400;\">\u00a0para alunos do 9\u00ba ano.<\/span><\/p><p><span style=\"color: #373838; font-family: Sintony, sans-serif; font-size: 14px; font-style: normal; font-variant-ligatures: normal; font-variant-caps: normal; font-weight: 400;\">No per\u00edodo de f\u00e9rias recebe crian\u00e7as de 05 a 10 anos, desenvolvendo trabalhos recreativos com monitoria 24 horas para divertir e orientar os acampantes.<\/span><\/p>\t\t\t\t\t<\/div>\n\t\t\t\t\t\t<\/div>\n\t\t\t\t<\/div>\n\t\t\t\t\t\t<\/div>\n\t\t\t\t\t<\/div>\n\t\t<\/div>\n\t\t\t\t\t\t\t\t<\/div>\n\t\t\t\t\t<\/div>\n\t\t<\/section>\n\t\t\t\t<section class=\"elementor-section elementor-top-section elementor-element elementor-element-8fcdb95 elementor-section-boxed elementor-section-height-default elementor-section-height-default\" data-id=\"8fcdb95\" data-element_type=\"section\">\n\t\t\t\t\t\t<div class=\"elementor-container elementor-column-gap-default\">\n\t\t\t\t\t\t\t<div class=\"elementor-row\">\n\t\t\t\t\t<div class=\"elementor-column elementor-col-100 elementor-top-column elementor-element elementor-element-1ff5289\" data-id=\"1ff5289\" data-element_type=\"column\">\n\t\t\t<div class=\"elementor-column-wrap elementor-element-populated\">\n\t\t\t\t\t\t\t<div class=\"elementor-widget-wrap\">\n\t\t\t\t\t\t<div class=\"elementor-element elementor-element-fef136d elementor-arrows-position-inside elementor-pagination-position-outside elementor-widget elementor-widget-image-carousel\" data-id=\"fef136d\" data-element_type=\"widget\" data-settings=\"{&quot;navigation&quot;:&quot;both&quot;,&quot;autoplay&quot;:&quot;yes&quot;,&quot;pause_on_hover&quot;:&quot;yes&quot;,&quot;pause_on_interaction&quot;:&quot;yes&quot;,&quot;autoplay_speed&quot;:5000,&quot;infinite&quot;:&quot;yes&quot;,&quot;speed&quot;:500}\" data-widget_type=\"image-carousel.default\">\n\t\t\t\t<div class=\"elementor-widget-container\">\n\t\t\t\t\t<div class=\"elementor-image-carousel-wrapper swiper-container\" dir=\"ltr\">\n\t\t\t<div class=\"elementor-image-carousel swiper-wrapper\">\n\t\t\t\t\t\t\t\t<div class=\"swiper-slide\"><a data-elementor-open-lightbox=\"yes\" data-elementor-lightbox-slideshow=\"fef136d\" data-elementor-lightbox-title=\"CAMERA\" e-action-hash=\"#elementor-action%3Aaction%3Dlightbox%26settings%3DeyJpZCI6MzM3LCJ1cmwiOiJodHRwOlwvXC93d3cuc2hvd3R1ci5jb20uYnJcL3NpdGVcL3dwLWNvbnRlbnRcL3VwbG9hZHNcLzIwMTlcLzA1XC9mb3RvMjMuanBnIiwic2xpZGVzaG93IjoiZmVmMTM2ZCJ9\" href=\"http:\/\/www.showtur.com.br\/site\/wp-content\/uploads\/2019\/05\/foto23.jpg\"><figure class=\"swiper-slide-inner\"><img decoding=\"async\" class=\"swiper-slide-image\" src=\"http:\/\/www.showtur.com.br\/site\/wp-content\/uploads\/2019\/05\/foto23.jpg\" alt=\"CAMERA\" \/><\/figure><\/a><\/div><div class=\"swiper-slide\"><a data-elementor-open-lightbox=\"yes\" data-elementor-lightbox-slideshow=\"fef136d\" data-elementor-lightbox-title=\"foto26\" e-action-hash=\"#elementor-action%3Aaction%3Dlightbox%26settings%3DeyJpZCI6MzM4LCJ1cmwiOiJodHRwOlwvXC93d3cuc2hvd3R1ci5jb20uYnJcL3NpdGVcL3dwLWNvbnRlbnRcL3VwbG9hZHNcLzIwMTlcLzA1XC9mb3RvMjYuanBnIiwic2xpZGVzaG93IjoiZmVmMTM2ZCJ9\" href=\"http:\/\/www.showtur.com.br\/site\/wp-content\/uploads\/2019\/05\/foto26.jpg\"><figure class=\"swiper-slide-inner\"><img decoding=\"async\" class=\"swiper-slide-image\" src=\"http:\/\/www.showtur.com.br\/site\/wp-content\/uploads\/2019\/05\/foto26.jpg\" alt=\"foto26\" \/><\/figure><\/a><\/div><div class=\"swiper-slide\"><a data-elementor-open-lightbox=\"yes\" data-elementor-lightbox-slideshow=\"fef136d\" data-elementor-lightbox-title=\"foto30\" e-action-hash=\"#elementor-action%3Aaction%3Dlightbox%26settings%3DeyJpZCI6MzM5LCJ1cmwiOiJodHRwOlwvXC93d3cuc2hvd3R1ci5jb20uYnJcL3NpdGVcL3dwLWNvbnRlbnRcL3VwbG9hZHNcLzIwMTlcLzA1XC9mb3RvMzAuanBnIiwic2xpZGVzaG93IjoiZmVmMTM2ZCJ9\" href=\"http:\/\/www.showtur.com.br\/site\/wp-content\/uploads\/2019\/05\/foto30.jpg\"><figure class=\"swiper-slide-inner\"><img decoding=\"async\" class=\"swiper-slide-image\" src=\"http:\/\/www.showtur.com.br\/site\/wp-content\/uploads\/2019\/05\/foto30.jpg\" alt=\"foto30\" \/><\/figure><\/a><\/div><div class=\"swiper-slide\"><a data-elementor-open-lightbox=\"yes\" data-elementor-lightbox-slideshow=\"fef136d\" data-elementor-lightbox-title=\"foto31\" e-action-hash=\"#elementor-action%3Aaction%3Dlightbox%26settings%3DeyJpZCI6MzQwLCJ1cmwiOiJodHRwOlwvXC93d3cuc2hvd3R1ci5jb20uYnJcL3NpdGVcL3dwLWNvbnRlbnRcL3VwbG9hZHNcLzIwMTlcLzA1XC9mb3RvMzEuanBnIiwic2xpZGVzaG93IjoiZmVmMTM2ZCJ9\" href=\"http:\/\/www.showtur.com.br\/site\/wp-content\/uploads\/2019\/05\/foto31.jpg\"><figure class=\"swiper-slide-inner\"><img decoding=\"async\" class=\"swiper-slide-image\" src=\"http:\/\/www.showtur.com.br\/site\/wp-content\/uploads\/2019\/05\/foto31.jpg\" alt=\"foto31\" \/><\/figure><\/a><\/div><div class=\"swiper-slide\"><a data-elementor-open-lightbox=\"yes\" data-elementor-lightbox-slideshow=\"fef136d\" data-elementor-lightbox-title=\"foto 32\" e-action-hash=\"#elementor-action%3Aaction%3Dlightbox%26settings%3DeyJpZCI6MzQxLCJ1cmwiOiJodHRwOlwvXC93d3cuc2hvd3R1ci5jb20uYnJcL3NpdGVcL3dwLWNvbnRlbnRcL3VwbG9hZHNcLzIwMTlcLzA1XC9mb3RvLTMyLmpwZyIsInNsaWRlc2hvdyI6ImZlZjEzNmQifQ%3D%3D\" href=\"http:\/\/www.showtur.com.br\/site\/wp-content\/uploads\/2019\/05\/foto-32.jpg\"><figure class=\"swiper-slide-inner\"><img decoding=\"async\" class=\"swiper-slide-image\" src=\"http:\/\/www.showtur.com.br\/site\/wp-content\/uploads\/2019\/05\/foto-32.jpg\" alt=\"foto 32\" \/><\/figure><\/a><\/div><div class=\"swiper-slide\"><a data-elementor-open-lightbox=\"yes\" data-elementor-lightbox-slideshow=\"fef136d\" data-elementor-lightbox-title=\"CAMERA\" e-action-hash=\"#elementor-action%3Aaction%3Dlightbox%26settings%3DeyJpZCI6MzQyLCJ1cmwiOiJodHRwOlwvXC93d3cuc2hvd3R1ci5jb20uYnJcL3NpdGVcL3dwLWNvbnRlbnRcL3VwbG9hZHNcLzIwMTlcLzA1XC9mb3RvMTkuanBnIiwic2xpZGVzaG93IjoiZmVmMTM2ZCJ9\" href=\"http:\/\/www.showtur.com.br\/site\/wp-content\/uploads\/2019\/05\/foto19.jpg\"><figure class=\"swiper-slide-inner\"><img decoding=\"async\" class=\"swiper-slide-image\" src=\"http:\/\/www.showtur.com.br\/site\/wp-content\/uploads\/2019\/05\/foto19.jpg\" alt=\"CAMERA\" \/><\/figure><\/a><\/div><div class=\"swiper-slide\"><a data-elementor-open-lightbox=\"yes\" data-elementor-lightbox-slideshow=\"fef136d\" data-elementor-lightbox-title=\"CAMERA\" e-action-hash=\"#elementor-action%3Aaction%3Dlightbox%26settings%3DeyJpZCI6MzQzLCJ1cmwiOiJodHRwOlwvXC93d3cuc2hvd3R1ci5jb20uYnJcL3NpdGVcL3dwLWNvbnRlbnRcL3VwbG9hZHNcLzIwMTlcLzA1XC9mb3RvMjAuanBnIiwic2xpZGVzaG93IjoiZmVmMTM2ZCJ9\" href=\"http:\/\/www.showtur.com.br\/site\/wp-content\/uploads\/2019\/05\/foto20.jpg\"><figure class=\"swiper-slide-inner\"><img decoding=\"async\" class=\"swiper-slide-image\" src=\"http:\/\/www.showtur.com.br\/site\/wp-content\/uploads\/2019\/05\/foto20.jpg\" alt=\"CAMERA\" \/><\/figure><\/a><\/div><div class=\"swiper-slide\"><a data-elementor-open-lightbox=\"yes\" data-elementor-lightbox-slideshow=\"fef136d\" data-elementor-lightbox-title=\"CAMERA\" e-action-hash=\"#elementor-action%3Aaction%3Dlightbox%26settings%3DeyJpZCI6MzQ1LCJ1cmwiOiJodHRwOlwvXC93d3cuc2hvd3R1ci5jb20uYnJcL3NpdGVcL3dwLWNvbnRlbnRcL3VwbG9hZHNcLzIwMTlcLzA1XC9mb3RvMjEuanBnIiwic2xpZGVzaG93IjoiZmVmMTM2ZCJ9\" href=\"http:\/\/www.showtur.com.br\/site\/wp-content\/uploads\/2019\/05\/foto21.jpg\"><figure class=\"swiper-slide-inner\"><img decoding=\"async\" class=\"swiper-slide-image\" src=\"http:\/\/www.showtur.com.br\/site\/wp-content\/uploads\/2019\/05\/foto21.jpg\" alt=\"CAMERA\" \/><\/figure><\/a><\/div>\t\t\t<\/div>\n\t\t\t\t\t\t\t\t\t\t\t\t<div class=\"swiper-pagination\"><\/div>\n\t\t\t\t\t\t\t\t\t\t\t\t\t<div class=\"elementor-swiper-button elementor-swiper-button-prev\">\n\t\t\t\t\t\t<i aria-hidden=\"true\" class=\"eicon-chevron-left\"><\/i>\t\t\t\t\t\t<span class=\"elementor-screen-only\">Anterior<\/span>\n\t\t\t\t\t<\/div>\n\t\t\t\t\t<div class=\"elementor-swiper-button elementor-swiper-button-next\">\n\t\t\t\t\t\t<i aria-hidden=\"true\" class=\"eicon-chevron-right\"><\/i>\t\t\t\t\t\t<span class=\"elementor-screen-only\">Pr\u00f3ximo<\/span>\n\t\t\t\t\t<\/div>\n\t\t\t\t\t\t\t\t\t<\/div>\n\t\t\t\t<\/div>\n\t\t\t\t<\/div>\n\t\t\t\t\t\t<\/div>\n\t\t\t\t\t<\/div>\n\t\t<\/div>\n\t\t\t\t\t\t\t\t<\/div>\n\t\t\t\t\t<\/div>\n\t\t<\/section>\n\t\t\t\t<section class=\"elementor-section elementor-top-section elementor-element elementor-element-226dd2d elementor-section-boxed elementor-section-height-default elementor-section-height-default\" data-id=\"226dd2d\" data-element_type=\"section\">\n\t\t\t\t\t\t<div class=\"elementor-container elementor-column-gap-default\">\n\t\t\t\t\t\t\t<div class=\"elementor-row\">\n\t\t\t\t\t<div class=\"elementor-column elementor-col-100 elementor-top-column elementor-element elementor-element-e5cf2c9\" data-id=\"e5cf2c9\" data-element_type=\"column\">\n\t\t\t<div class=\"elementor-column-wrap elementor-element-populated\">\n\t\t\t\t\t\t\t<div class=\"elementor-widget-wrap\">\n\t\t\t\t\t\t<div class=\"elementor-element elementor-element-c9081c1 elementor-aspect-ratio-169 elementor-widget elementor-widget-video\" data-id=\"c9081c1\" data-element_type=\"widget\" data-settings=\"{&quot;youtube_url&quot;:&quot;https:\\\/\\\/www.youtube.com\\\/watch?v=-THnu0so78s&quot;,&quot;video_type&quot;:&quot;youtube&quot;,&quot;controls&quot;:&quot;yes&quot;,&quot;aspect_ratio&quot;:&quot;169&quot;}\" data-widget_type=\"video.default\">\n\t\t\t\t<div class=\"elementor-widget-container\">\n\t\t\t\t\t<div class=\"elementor-wrapper elementor-fit-aspect-ratio elementor-open-inline\">\n\t\t\t<div class=\"elementor-video\"><\/div>\t\t<\/div>\n\t\t\t\t<\/div>\n\t\t\t\t<\/div>\n\t\t\t\t\t\t<\/div>\n\t\t\t\t\t<\/div>\n\t\t<\/div>\n\t\t\t\t\t\t\t\t<\/div>\n\t\t\t\t\t<\/div>\n\t\t<\/section>\n\t\t\t\t\t\t\t\t\t<\/div>\n\t\t\t<\/div>\n\t\t\t\t\t<\/div>\n\t\t","protected":false},"excerpt":{"rendered":"<p>A\u00a0unidade NR1\u00a0est\u00e1 localizada na cidade de Sapuca\u00ed-Mirim\/MG \u2013 Pr\u00f3ximo a Campos do Jord\u00e3o\/SP, Santo Ant\u00f4nio do Pinhal\/SP e S\u00e3o Bento do Sapuca\u00ed\/SP. Em seus 20 alqueires<span class=\"excerpt-hellip\"> [\u2026]<\/span><\/p>\n","protected":false},"author":1,"featured_media":0,"parent":0,"menu_order":0,"comment_status":"closed","ping_status":"closed","template":"","meta":[],"_links":{"self":[{"href":"http:\/\/www.showtur.com.br\/site\/wp-json\/wp\/v2\/pages\/280"}],"collection":[{"href":"http:\/\/www.showtur.com.br\/site\/wp-json\/wp\/v2\/pages"}],"about":[{"href":"http:\/\/www.showtur.com.br\/site\/wp-json\/wp\/v2\/types\/page"}],"author":[{"embeddable":true,"href":"http:\/\/www.showtur.com.br\/site\/wp-json\/wp\/v2\/users\/1"}],"replies":[{"embeddable":true,"href":"http:\/\/www.showtur.com.br\/site\/wp-json\/wp\/v2\/comments?post=280"}],"version-history":[{"count":7,"href":"http:\/\/www.showtur.com.br\/site\/wp-json\/wp\/v2\/pages\/280\/revisions"}],"predecessor-version":[{"id":443,"href":"http:\/\/www.showtur.com.br\/site\/wp-json\/wp\/v2\/pages\/280\/revisions\/443"}],"wp:attachment":[{"href":"http:\/\/www.showtur.com.br\/site\/wp-json\/wp\/v2\/media?parent=280"}],"curies":[{"name":"wp","href":"https:\/\/api.w.org\/{rel}","templated":true}]}}